{"id":9,"date":"2026-01-14T15:39:05","date_gmt":"2026-01-14T15:39:05","guid":{"rendered":"https:\/\/opendeblois.com\/?page_id=9"},"modified":"2026-04-16T14:05:56","modified_gmt":"2026-04-16T14:05:56","slug":"open-de-blois-de-tennis","status":"publish","type":"page","link":"https:\/\/opendeblois.com\/","title":{"rendered":"Tournoi international f\u00e9minin de tennis de Blois"},"content":{"rendered":"\n<h2 data-wp-context---core-fit-text=\"core\/fit-text::{&quot;fontSize&quot;:&quot;&quot;}\" data-wp-init---core-fit-text=\"core\/fit-text::callbacks.init\" data-wp-interactive data-wp-style--font-size=\"core\/fit-text::context.fontSize\" class=\"wp-block-heading has-fit-text\">\u00c9venement <mark style=\"background-color:rgba(0, 0, 0, 0)\" class=\"has-inline-color has-accent-color\">gratuit<\/mark><\/h2>\n\n\n\n<div class=\"wp-block-buttons alignwide is-content-justification-center is-layout-flex wp-container-core-buttons-is-layout-16018d1d wp-block-buttons-is-layout-flex\">\n<div class=\"wp-block-button\"><a class=\"wp-block-button__link wp-element-button\" href=\"https:\/\/www.itftennis.com\/en\/world-tennis-tour-live\/\" target=\"_blank\" rel=\"noreferrer noopener\">Score en live<\/a><\/div>\n<\/div>\n\n\n\n<div class=\"wp-block-group alignwide\"><div class=\"wp-block-group__inner-container is-layout-flow wp-block-group-is-layout-flow\">\n<h2 class=\"wp-block-heading has-text-align-center has-accent-color has-text-color\">\u00ab&nbsp;Cette \u00e9dition 2026 est une promesse collective : celle de continuer \u00e0 faire vivre une belle histoire du tennis f\u00e9minin, avec exigence, humilit\u00e9 et passion.&nbsp;\u00bb<\/h2>\n\n\n\n<p class=\"has-drop-cap\">Du 14 au 20 juin 2026, le tournoi f\u00e9minin international W75 de Blois entre dans une nouvelle \u00e8re et devient <strong>l&rsquo;Open de Blois de Tennis.<\/strong><\/p>\n\n\n\n<p class=\"has-text-align-center\">Une \u00e8re faite de renouveau, de responsabilit\u00e9 et de passion, port\u00e9e par la reprise de l\u2019\u00e9v\u00e9nement par la Ligue Centre-Val de Loire de Tennis. Ce moment marque bien plus qu\u2019un simple changement d\u2019organisation : il symbolise une continuit\u00e9 assum\u00e9e et une ambition renouvel\u00e9e pour un tournoi qui fait vibrer le tennis f\u00e9minin.<\/p>\n\n\n\n<p class=\"has-text-align-center\">Nouveau nom, nouveau logo, nouvelle organisation\u2026 Ces transformations visibles incarnent un nouvel \u00e9lan. [&#8230;]<\/p>\n\n\n\n<div class=\"wp-block-buttons is-content-justification-center is-layout-flex wp-container-core-buttons-is-layout-16018d1d wp-block-buttons-is-layout-flex\">\n<div class=\"wp-block-button\"><a class=\"wp-block-button__link wp-element-button\" href=\"https:\/\/opendeblois.com\/index.php\/le-mot-du-directeur\/\" target=\"_blank\" rel=\"noreferrer noopener\">Lire la suite<\/a><\/div>\n<\/div>\n\n\n\n<div class=\"wp-block-columns alignwide is-layout-flex wp-container-core-columns-is-layout-9d6595d7 wp-block-columns-is-layout-flex\">\n<div class=\"wp-block-column is-layout-flow wp-block-column-is-layout-flow\">\n<div class=\"wp-block-group has-background\" style=\"background-color:#ffffff\"><div class=\"wp-block-group__inner-container is-layout-flow wp-block-group-is-layout-flow\">\n<h2 class=\"wp-block-heading has-text-align-center\">Devenez partenaires<\/h2>\n\n\n\n<p class=\"has-text-align-center\">Devenir partenaire de l&rsquo;Open de Blois, c\u2019est rejoindre avant tout un r\u00e9seau professionnel convivial et performant qui nous permet de continuer de d\u00e9velopper cet \u00e9v\u00e9nement incontournable de notre territoire.<\/p>\n\n\n\n<div class=\"wp-block-buttons is-content-justification-center is-layout-flex wp-container-core-buttons-is-layout-16018d1d wp-block-buttons-is-layout-flex\">\n<div class=\"wp-block-button is-style-fill\"><a class=\"wp-block-button__link wp-element-button\" href=\"https:\/\/opendeblois.com\/index.php\/devenir-partenaire\/\" target=\"_blank\" rel=\"noreferrer noopener\">En savoir +<\/a><\/div>\n<\/div>\n<\/div><\/div>\n<\/div>\n\n\n\n<div class=\"wp-block-column is-layout-flow wp-block-column-is-layout-flow\">\n<div class=\"wp-block-group has-background\" style=\"background-color:#ffffff\"><div class=\"wp-block-group__inner-container is-layout-flow wp-block-group-is-layout-flow\">\n<h2 class=\"wp-block-heading has-text-align-center\">Devenez b\u00e9n\u00e9voles<\/h2>\n\n\n\n<p class=\"has-text-align-center\">Devenir b\u00e9n\u00e9vole de l\u2019Open de Blois, c&rsquo;est vivre le tournoi au plus pr\u00e8s des joueuses, partager des moments conviviaux avec une \u00e9quipe passionn\u00e9e et contribuer au rayonnement du tennis f\u00e9minin sur notre territoire.<\/p>\n\n\n\n<div class=\"wp-block-buttons is-content-justification-center is-layout-flex wp-container-core-buttons-is-layout-16018d1d wp-block-buttons-is-layout-flex\">\n<div class=\"wp-block-button is-style-fill\"><a class=\"wp-block-button__link wp-element-button\" href=\"https:\/\/opendeblois.com\/index.php\/benevolat\/\" target=\"_blank\" rel=\"noreferrer noopener\">en savoir +<\/a><\/div>\n<\/div>\n<\/div><\/div>\n<\/div>\n<\/div>\n\n\n\n<h2 class=\"wp-block-heading alignwide has-text-align-center\">M\u00eame tournoi, nouvelle identit\u00e9 !<\/h2>\n\n\n\n<figure class=\"wp-block-video aligncenter\"><video height=\"1080\" style=\"aspect-ratio: 1920 \/ 1080;\" width=\"1920\" controls src=\"https:\/\/opendeblois.com\/wp-content\/uploads\/2026\/01\/Transition-Logo-Open-de-Blois-VF-1.mp4\"><\/video><\/figure>\n\n\n\n<div class=\"wp-block-columns alignwide is-layout-flex wp-container-core-columns-is-layout-9d6595d7 wp-block-columns-is-layout-flex\">\n<div class=\"wp-block-column is-layout-flow wp-block-column-is-layout-flow\">\n<figure class=\"wp-block-image size-full\"><img loading=\"lazy\" decoding=\"async\" width=\"940\" height=\"788\" src=\"http:\/\/opendeblois.com\/wp-content\/uploads\/2026\/04\/Benevoles-Open-Site.png\" alt=\"\" class=\"wp-image-811\" srcset=\"https:\/\/opendeblois.com\/wp-content\/uploads\/2026\/04\/Benevoles-Open-Site.png 940w, https:\/\/opendeblois.com\/wp-content\/uploads\/2026\/04\/Benevoles-Open-Site-300x251.png 300w, https:\/\/opendeblois.com\/wp-content\/uploads\/2026\/04\/Benevoles-Open-Site-768x644.png 768w\" sizes=\"auto, (max-width: 940px) 100vw, 940px\" \/><\/figure>\n\n\n\n<h2 class=\"wp-block-heading\">Merci pour votre engagement !<\/h2>\n\n\n\n<p class=\"has-larger-font-size\">Samedi 11 avril, une cinquantaine de b\u00e9n\u00e9voles ont r\u00e9pondu pr\u00e9sent pour une r\u00e9union d&rsquo;information&#8230;<\/p>\n\n\n\n<div class=\"wp-block-button is-style-outline alignleft is-style-outline--1\"><a class=\"wp-block-button__link wp-element-button\" href=\"https:\/\/opendeblois.com\/index.php\/2026\/04\/16\/merci-pour-votre-engagement\/\" target=\"_blank\" rel=\"noreferrer noopener\">Lire la suite<\/a><\/div>\n<\/div>\n\n\n\n<div class=\"wp-block-column is-layout-flow wp-block-column-is-layout-flow\">\n<figure class=\"wp-block-image size-full\"><img loading=\"lazy\" decoding=\"async\" width=\"940\" height=\"788\" src=\"http:\/\/opendeblois.com\/wp-content\/uploads\/2026\/04\/Soiree-09-avril-OPen-Site.png\" alt=\"\" class=\"wp-image-796\" srcset=\"https:\/\/opendeblois.com\/wp-content\/uploads\/2026\/04\/Soiree-09-avril-OPen-Site.png 940w, https:\/\/opendeblois.com\/wp-content\/uploads\/2026\/04\/Soiree-09-avril-OPen-Site-300x251.png 300w, https:\/\/opendeblois.com\/wp-content\/uploads\/2026\/04\/Soiree-09-avril-OPen-Site-768x644.png 768w\" sizes=\"auto, (max-width: 940px) 100vw, 940px\" \/><\/figure>\n\n\n\n<h2 class=\"wp-block-heading\">Lancement officiel de l&rsquo;Open de Blois<\/h2>\n\n\n\n<p class=\"has-larger-font-size\">Retour en images sur la soir\u00e9e de pr\u00e9sentation officielle de l\u2019Open de Blois 2026 au sein des locaux du CD du Loir-et-Cher&#8230;<\/p>\n\n\n\n<div class=\"wp-block-button is-style-outline alignleft is-style-outline--2\"><a class=\"wp-block-button__link wp-element-button\" href=\"https:\/\/opendeblois.com\/index.php\/2026\/04\/16\/soiree-de-lancement-de-lopen-de-blois\/\" target=\"_blank\" rel=\"noreferrer noopener\">Lire la suite<\/a><\/div>\n<\/div>\n<\/div>\n\n\n\n<figure class=\"wp-block-image alignfull size-full\"><img loading=\"lazy\" decoding=\"async\" width=\"1000\" height=\"666\" src=\"https:\/\/opendeblois.com\/wp-content\/uploads\/2026\/01\/506076903_1361675238798035_2864510279054567819_n.jpg\" alt=\"\" class=\"wp-image-330\" srcset=\"https:\/\/opendeblois.com\/wp-content\/uploads\/2026\/01\/506076903_1361675238798035_2864510279054567819_n.jpg 1000w, https:\/\/opendeblois.com\/wp-content\/uploads\/2026\/01\/506076903_1361675238798035_2864510279054567819_n-300x200.jpg 300w, https:\/\/opendeblois.com\/wp-content\/uploads\/2026\/01\/506076903_1361675238798035_2864510279054567819_n-768x511.jpg 768w\" sizes=\"auto, (max-width: 1000px) 100vw, 1000px\" \/><\/figure>\n<\/div><\/div>\n\n\n\n<p><\/p>\n","protected":false},"excerpt":{"rendered":"<p>\u00c9venement gratuit \u00ab&nbsp;Cette \u00e9dition 2026 est une promesse collective : celle de continuer \u00e0 faire vivre une belle histoire du tennis f\u00e9minin, avec exigence, humilit\u00e9 et passion.&nbsp;\u00bb Du 14 au 20 juin 2026, le tournoi f\u00e9minin international W75 de Blois entre dans une nouvelle \u00e8re et devient l&rsquo;Open de Blois de Tennis. Une \u00e8re faite [&hellip;]<\/p>\n","protected":false},"author":1,"featured_media":639,"parent":0,"menu_order":0,"comment_status":"closed","ping_status":"closed","template":"","meta":{"footnotes":""},"class_list":["post-9","page","type-page","status-publish","has-post-thumbnail","hentry"],"yoast_head":"<!-- This site is optimized with the Yoast SEO plugin v26.8 - https:\/\/yoast.com\/product\/yoast-seo-wordpress\/ -->\n<title>Tournoi international f\u00e9minin de tennis de Blois - Open de Blois de Tennis %<\/title>\n<meta name=\"description\" content=\"tennis tournoi international blois femmes f\u00e9minin open fft ligue centre-val de loire head cr\u00e9dit agricole professionnel\" \/>\n<meta name=\"robots\" content=\"index, follow, max-snippet:-1, max-image-preview:large, max-video-preview:-1\" \/>\n<link rel=\"canonical\" href=\"https:\/\/opendeblois.com\/\" \/>\n<meta property=\"og:locale\" content=\"fr_FR\" \/>\n<meta property=\"og:type\" content=\"article\" \/>\n<meta property=\"og:title\" content=\"Tournoi international f\u00e9minin de tennis de Blois - Open de Blois de Tennis %\" \/>\n<meta property=\"og:description\" content=\"tennis tournoi international blois femmes f\u00e9minin open fft ligue centre-val de loire head cr\u00e9dit agricole professionnel\" \/>\n<meta property=\"og:url\" content=\"https:\/\/opendeblois.com\/\" \/>\n<meta property=\"og:site_name\" content=\"Open de Blois de Tennis\" \/>\n<meta property=\"article:modified_time\" content=\"2026-04-16T14:05:56+00:00\" \/>\n<meta property=\"og:image\" content=\"https:\/\/opendeblois.com\/wp-content\/uploads\/2026\/02\/test-image-open-de-blois-site-1-1024x512.png\" \/>\n\t<meta property=\"og:image:width\" content=\"1024\" \/>\n\t<meta property=\"og:image:height\" content=\"512\" \/>\n\t<meta property=\"og:image:type\" content=\"image\/png\" \/>\n<meta name=\"twitter:card\" content=\"summary_large_image\" \/>\n<meta name=\"twitter:label1\" content=\"Dur\u00e9e de lecture estim\u00e9e\" \/>\n\t<meta name=\"twitter:data1\" content=\"3 minutes\" \/>\n<script type=\"application\/ld+json\" class=\"yoast-schema-graph\">{\"@context\":\"https:\/\/schema.org\",\"@graph\":[{\"@type\":\"WebPage\",\"@id\":\"https:\/\/opendeblois.com\/\",\"url\":\"https:\/\/opendeblois.com\/\",\"name\":\"Tournoi international f\u00e9minin de tennis de Blois - Open de Blois de Tennis %\",\"isPartOf\":{\"@id\":\"https:\/\/opendeblois.com\/#website\"},\"primaryImageOfPage\":{\"@id\":\"https:\/\/opendeblois.com\/#primaryimage\"},\"image\":{\"@id\":\"https:\/\/opendeblois.com\/#primaryimage\"},\"thumbnailUrl\":\"https:\/\/opendeblois.com\/wp-content\/uploads\/2026\/02\/test-image-open-de-blois-site-1-scaled.png\",\"datePublished\":\"2026-01-14T15:39:05+00:00\",\"dateModified\":\"2026-04-16T14:05:56+00:00\",\"description\":\"tennis tournoi international blois femmes f\u00e9minin open fft ligue centre-val de loire head cr\u00e9dit agricole professionnel\",\"breadcrumb\":{\"@id\":\"https:\/\/opendeblois.com\/#breadcrumb\"},\"inLanguage\":\"fr-FR\",\"potentialAction\":[{\"@type\":\"ReadAction\",\"target\":[\"https:\/\/opendeblois.com\/\"]}]},{\"@type\":\"ImageObject\",\"inLanguage\":\"fr-FR\",\"@id\":\"https:\/\/opendeblois.com\/#primaryimage\",\"url\":\"https:\/\/opendeblois.com\/wp-content\/uploads\/2026\/02\/test-image-open-de-blois-site-1-scaled.png\",\"contentUrl\":\"https:\/\/opendeblois.com\/wp-content\/uploads\/2026\/02\/test-image-open-de-blois-site-1-scaled.png\",\"width\":2560,\"height\":1280},{\"@type\":\"BreadcrumbList\",\"@id\":\"https:\/\/opendeblois.com\/#breadcrumb\",\"itemListElement\":[{\"@type\":\"ListItem\",\"position\":1,\"name\":\"Accueil\",\"item\":\"https:\/\/opendeblois.com\/\"},{\"@type\":\"ListItem\",\"position\":2,\"name\":\"Tournoi international f\u00e9minin de tennis de Blois\"}]},{\"@type\":\"WebSite\",\"@id\":\"https:\/\/opendeblois.com\/#website\",\"url\":\"https:\/\/opendeblois.com\/\",\"name\":\"Open de Blois de Tennis\",\"description\":\"\",\"publisher\":{\"@id\":\"https:\/\/opendeblois.com\/#organization\"},\"potentialAction\":[{\"@type\":\"SearchAction\",\"target\":{\"@type\":\"EntryPoint\",\"urlTemplate\":\"https:\/\/opendeblois.com\/?s={search_term_string}\"},\"query-input\":{\"@type\":\"PropertyValueSpecification\",\"valueRequired\":true,\"valueName\":\"search_term_string\"}}],\"inLanguage\":\"fr-FR\"},{\"@type\":\"Organization\",\"@id\":\"https:\/\/opendeblois.com\/#organization\",\"name\":\"Open de Blois de Tennis\",\"url\":\"https:\/\/opendeblois.com\/\",\"logo\":{\"@type\":\"ImageObject\",\"inLanguage\":\"fr-FR\",\"@id\":\"https:\/\/opendeblois.com\/#\/schema\/logo\/image\/\",\"url\":\"https:\/\/opendeblois.com\/wp-content\/uploads\/2026\/01\/cropped-Logo-officiel-OB-avec-date-1-scaled-1.png\",\"contentUrl\":\"https:\/\/opendeblois.com\/wp-content\/uploads\/2026\/01\/cropped-Logo-officiel-OB-avec-date-1-scaled-1.png\",\"width\":2560,\"height\":1204,\"caption\":\"Open de Blois de Tennis\"},\"image\":{\"@id\":\"https:\/\/opendeblois.com\/#\/schema\/logo\/image\/\"}}]}<\/script>\n<!-- \/ Yoast SEO plugin. -->","yoast_head_json":{"title":"Tournoi international f\u00e9minin de tennis de Blois - Open de Blois de Tennis %","description":"tennis tournoi international blois femmes f\u00e9minin open fft ligue centre-val de loire head cr\u00e9dit agricole professionnel","robots":{"index":"index","follow":"follow","max-snippet":"max-snippet:-1","max-image-preview":"max-image-preview:large","max-video-preview":"max-video-preview:-1"},"canonical":"https:\/\/opendeblois.com\/","og_locale":"fr_FR","og_type":"article","og_title":"Tournoi international f\u00e9minin de tennis de Blois - Open de Blois de Tennis %","og_description":"tennis tournoi international blois femmes f\u00e9minin open fft ligue centre-val de loire head cr\u00e9dit agricole professionnel","og_url":"https:\/\/opendeblois.com\/","og_site_name":"Open de Blois de Tennis","article_modified_time":"2026-04-16T14:05:56+00:00","og_image":[{"width":1024,"height":512,"url":"https:\/\/opendeblois.com\/wp-content\/uploads\/2026\/02\/test-image-open-de-blois-site-1-1024x512.png","type":"image\/png"}],"twitter_card":"summary_large_image","twitter_misc":{"Dur\u00e9e de lecture estim\u00e9e":"3 minutes"},"schema":{"@context":"https:\/\/schema.org","@graph":[{"@type":"WebPage","@id":"https:\/\/opendeblois.com\/","url":"https:\/\/opendeblois.com\/","name":"Tournoi international f\u00e9minin de tennis de Blois - Open de Blois de Tennis %","isPartOf":{"@id":"https:\/\/opendeblois.com\/#website"},"primaryImageOfPage":{"@id":"https:\/\/opendeblois.com\/#primaryimage"},"image":{"@id":"https:\/\/opendeblois.com\/#primaryimage"},"thumbnailUrl":"https:\/\/opendeblois.com\/wp-content\/uploads\/2026\/02\/test-image-open-de-blois-site-1-scaled.png","datePublished":"2026-01-14T15:39:05+00:00","dateModified":"2026-04-16T14:05:56+00:00","description":"tennis tournoi international blois femmes f\u00e9minin open fft ligue centre-val de loire head cr\u00e9dit agricole professionnel","breadcrumb":{"@id":"https:\/\/opendeblois.com\/#breadcrumb"},"inLanguage":"fr-FR","potentialAction":[{"@type":"ReadAction","target":["https:\/\/opendeblois.com\/"]}]},{"@type":"ImageObject","inLanguage":"fr-FR","@id":"https:\/\/opendeblois.com\/#primaryimage","url":"https:\/\/opendeblois.com\/wp-content\/uploads\/2026\/02\/test-image-open-de-blois-site-1-scaled.png","contentUrl":"https:\/\/opendeblois.com\/wp-content\/uploads\/2026\/02\/test-image-open-de-blois-site-1-scaled.png","width":2560,"height":1280},{"@type":"BreadcrumbList","@id":"https:\/\/opendeblois.com\/#breadcrumb","itemListElement":[{"@type":"ListItem","position":1,"name":"Accueil","item":"https:\/\/opendeblois.com\/"},{"@type":"ListItem","position":2,"name":"Tournoi international f\u00e9minin de tennis de Blois"}]},{"@type":"WebSite","@id":"https:\/\/opendeblois.com\/#website","url":"https:\/\/opendeblois.com\/","name":"Open de Blois de Tennis","description":"","publisher":{"@id":"https:\/\/opendeblois.com\/#organization"},"potentialAction":[{"@type":"SearchAction","target":{"@type":"EntryPoint","urlTemplate":"https:\/\/opendeblois.com\/?s={search_term_string}"},"query-input":{"@type":"PropertyValueSpecification","valueRequired":true,"valueName":"search_term_string"}}],"inLanguage":"fr-FR"},{"@type":"Organization","@id":"https:\/\/opendeblois.com\/#organization","name":"Open de Blois de Tennis","url":"https:\/\/opendeblois.com\/","logo":{"@type":"ImageObject","inLanguage":"fr-FR","@id":"https:\/\/opendeblois.com\/#\/schema\/logo\/image\/","url":"https:\/\/opendeblois.com\/wp-content\/uploads\/2026\/01\/cropped-Logo-officiel-OB-avec-date-1-scaled-1.png","contentUrl":"https:\/\/opendeblois.com\/wp-content\/uploads\/2026\/01\/cropped-Logo-officiel-OB-avec-date-1-scaled-1.png","width":2560,"height":1204,"caption":"Open de Blois de Tennis"},"image":{"@id":"https:\/\/opendeblois.com\/#\/schema\/logo\/image\/"}}]}},"_links":{"self":[{"href":"https:\/\/opendeblois.com\/index.php\/wp-json\/wp\/v2\/pages\/9","targetHints":{"allow":["GET"]}}],"collection":[{"href":"https:\/\/opendeblois.com\/index.php\/wp-json\/wp\/v2\/pages"}],"about":[{"href":"https:\/\/opendeblois.com\/index.php\/wp-json\/wp\/v2\/types\/page"}],"author":[{"embeddable":true,"href":"https:\/\/opendeblois.com\/index.php\/wp-json\/wp\/v2\/users\/1"}],"replies":[{"embeddable":true,"href":"https:\/\/opendeblois.com\/index.php\/wp-json\/wp\/v2\/comments?post=9"}],"version-history":[{"count":96,"href":"https:\/\/opendeblois.com\/index.php\/wp-json\/wp\/v2\/pages\/9\/revisions"}],"predecessor-version":[{"id":814,"href":"https:\/\/opendeblois.com\/index.php\/wp-json\/wp\/v2\/pages\/9\/revisions\/814"}],"wp:featuredmedia":[{"embeddable":true,"href":"https:\/\/opendeblois.com\/index.php\/wp-json\/wp\/v2\/media\/639"}],"wp:attachment":[{"href":"https:\/\/opendeblois.com\/index.php\/wp-json\/wp\/v2\/media?parent=9"}],"curies":[{"name":"wp","href":"https:\/\/api.w.org\/{rel}","templated":true}]}}