{"id":80,"date":"2026-01-15T11:08:46","date_gmt":"2026-01-15T11:08:46","guid":{"rendered":"https:\/\/opendeblois.com\/?page_id=80"},"modified":"2026-01-16T13:57:38","modified_gmt":"2026-01-16T13:57:38","slug":"histoire","status":"publish","type":"page","link":"https:\/\/opendeblois.com\/index.php\/histoire\/","title":{"rendered":"Histoire &amp; Palmar\u00e8s"},"content":{"rendered":"\n<h2 class=\"wp-block-heading has-text-align-left\">La puissance de notre tournoi<\/h2>\n\n\n\n<blockquote class=\"wp-block-quote is-style-default is-layout-flow wp-block-quote-is-layout-flow\">\n<p class=\"has-text-align-left\"><strong>Passion pour le tennis<\/strong><br>des b\u00e9n\u00e9voles et des partenaires<\/p>\n<\/blockquote>\n\n\n\n<blockquote class=\"wp-block-quote is-layout-flow wp-block-quote-is-layout-flow\">\n<p class=\"has-text-align-left\"><strong>Exp\u00e9rience de plus de 20 ans<\/strong><br>(anciennement Les Internationaux de Tennis de Blois)<\/p>\n<\/blockquote>\n\n\n\n<blockquote class=\"wp-block-quote is-layout-flow wp-block-quote-is-layout-flow\">\n<p class=\"has-text-align-left\"><strong>Site exceptionnel<\/strong><br>de la Ligue Centre-Val de Loire de Tennis<\/p>\n<\/blockquote>\n\n\n\n<blockquote class=\"wp-block-quote is-layout-flow wp-block-quote-is-layout-flow\">\n<p class=\"has-text-align-left\"><strong>Volont\u00e9 d\u2019am\u00e9lioration<\/strong><br>permanente<\/p>\n<\/blockquote>\n\n\n\n<h2 class=\"wp-block-heading\">La force des tournois W75<\/h2>\n\n\n\n<p>Notre tournoi est un W75, c\u2019est-\u00e0-dire qu\u2019il donne 75 points au classement mondial (WTA) \u00e0 la gagnante. <strong>En France, il n\u2019y a que 5 tournois de ce niveau et 1 seul est de niveau sup\u00e9rieur.<\/strong><\/p>\n\n\n\n<p>Toutes les meilleures joueuses du monde ont particip\u00e9 \u00e0 ce type de comp\u00e9tition.<\/p>\n\n\n\n<p>L\u2019un des exemples les plus probants est celui d\u2019<strong>Emma Raducanu qui a jou\u00e9 un tournoi ITF W100 deux mois avant de gagner l\u2019US Open 2021<\/strong>.<\/p>\n\n\n\n<h2 class=\"wp-block-heading\">Palmar\u00e8s 2025<\/h2>\n\n\n\n<figure class=\"wp-block-image size-full\"><img loading=\"lazy\" decoding=\"async\" width=\"1000\" height=\"666\" src=\"http:\/\/opendeblois.com\/wp-content\/uploads\/2026\/01\/505879168_1362339422064950_895633319270073036_n.jpg\" alt=\"\" class=\"wp-image-174\" srcset=\"https:\/\/opendeblois.com\/wp-content\/uploads\/2026\/01\/505879168_1362339422064950_895633319270073036_n.jpg 1000w, https:\/\/opendeblois.com\/wp-content\/uploads\/2026\/01\/505879168_1362339422064950_895633319270073036_n-300x200.jpg 300w, https:\/\/opendeblois.com\/wp-content\/uploads\/2026\/01\/505879168_1362339422064950_895633319270073036_n-768x511.jpg 768w\" sizes=\"auto, (max-width: 1000px) 100vw, 1000px\" \/><\/figure>\n\n\n\n<p class=\"has-text-align-center\"><strong>Vainqueur Simple<\/strong><br>Panna Udvardy (HUN) &#8211; 93\u00e8me au classement mondial au 16 janvier 2026<\/p>\n\n\n\n<p class=\"has-text-align-center\"><strong>Finaliste Simple<\/strong><br>Julie Belgraver (FRA) &#8211; 259\u00e8me au classement mondial au 16 janvier 2026<\/p>\n\n\n\n<div style=\"height:40px\" aria-hidden=\"true\" class=\"wp-block-spacer\"><\/div>\n\n\n\n<figure class=\"wp-block-image size-full\"><img loading=\"lazy\" decoding=\"async\" width=\"1000\" height=\"666\" src=\"http:\/\/opendeblois.com\/wp-content\/uploads\/2026\/01\/509145079_1361674762131416_362238911334036403_n.jpg\" alt=\"\" class=\"wp-image-220\" srcset=\"https:\/\/opendeblois.com\/wp-content\/uploads\/2026\/01\/509145079_1361674762131416_362238911334036403_n.jpg 1000w, https:\/\/opendeblois.com\/wp-content\/uploads\/2026\/01\/509145079_1361674762131416_362238911334036403_n-300x200.jpg 300w, https:\/\/opendeblois.com\/wp-content\/uploads\/2026\/01\/509145079_1361674762131416_362238911334036403_n-768x511.jpg 768w\" sizes=\"auto, (max-width: 1000px) 100vw, 1000px\" \/><\/figure>\n\n\n\n<p class=\"has-text-align-center\"><strong>Vainqueurs Double<\/strong><br>I-Hsuan Cho (TPE) &amp; Yi Tsen Cho (TPE)<\/p>\n\n\n\n<p class=\"has-text-align-center\"><strong>Finalistes Double<\/strong><br>Angela Fita Boluda (ESP) &amp; Laura Pigossi (BRA)<\/p>\n\n\n\n<h2 class=\"wp-block-heading\">La tableau du prize money<\/h2>\n\n\n\n<figure class=\"wp-block-table is-style-regular\" style=\"font-size:13px\"><table class=\"has-fixed-layout\"><tbody><tr><td class=\"has-text-align-center\" data-align=\"center\"><\/td><td class=\"has-text-align-center\" data-align=\"center\"><strong>1er Tour<\/strong><\/td><td class=\"has-text-align-center\" data-align=\"center\"><strong>2\u00e8me Tour<\/strong><\/td><td class=\"has-text-align-center\" data-align=\"center\"><strong>1\/4 de finaliste<\/strong><\/td><td class=\"has-text-align-center\" data-align=\"center\"><strong>1\/2 finaliste<\/strong><\/td><td class=\"has-text-align-center\" data-align=\"center\"><strong>Finaliste<\/strong><\/td><td class=\"has-text-align-center\" data-align=\"center\"><strong>Vainqueur<\/strong><\/td><\/tr><tr><td class=\"has-text-align-center\" data-align=\"center\"><strong>Simple<\/strong><\/td><td class=\"has-text-align-center\" data-align=\"center\">501,30\u20ac<\/td><td class=\"has-text-align-center\" data-align=\"center\">841,50\u20ac<\/td><td class=\"has-text-align-center\" data-align=\"center\">1 388,70\u20ac<\/td><td class=\"has-text-align-center\" data-align=\"center\">2 414,70\u20ac<\/td><td class=\"has-text-align-center\" data-align=\"center\">4 397,40\u20ac<\/td><td class=\"has-text-align-center\" data-align=\"center\">8 227,80\u20ac<\/td><\/tr><tr><td class=\"has-text-align-center\" data-align=\"center\"><strong>Double<\/strong><\/td><td class=\"has-text-align-center\" data-align=\"center\">\/<\/td><td class=\"has-text-align-center\" data-align=\"center\">273,60\u20ac<\/td><td class=\"has-text-align-center\" data-align=\"center\">410,40\u20ac<\/td><td class=\"has-text-align-center\" data-align=\"center\">752,40\u20ac<\/td><td class=\"has-text-align-center\" data-align=\"center\">1 504,80\u20ac<\/td><td class=\"has-text-align-center\" data-align=\"center\">3 009,60\u20ac<\/td><\/tr><\/tbody><\/table><\/figure>\n\n\n\n<p><strong>Dernier tour de qualification :<\/strong> 205,88\u20ac<br><strong>2\u00e8me tour de qualification :<\/strong> 127,58\u20ac<br><strong>1er tour de qualification :<\/strong> \/<\/p>\n\n\n\n<h2 class=\"wp-block-heading\">Un site d&rsquo;exception<\/h2>\n\n\n\n<p>Le tournoi se d\u00e9roule sur le site exceptionnel de la Ligue Centre-Val de Loire de Tennis qui poss\u00e8de pas moins de <strong>9 courts en terre battue traditionnelle.<\/strong> Des courts de padel sont \u00e9galement implant\u00e9s tout comme une caf\u00e9taria, une salle de musculation, 4 courts couverts ainsi que les acc\u00e8s au soin.<\/p>\n\n\n\n<figure class=\"wp-block-gallery has-nested-images columns-default is-cropped wp-block-gallery-1 is-layout-flex wp-block-gallery-is-layout-flex\">\n<figure class=\"wp-block-image size-large is-style-default\"><img loading=\"lazy\" decoding=\"async\" width=\"1024\" height=\"683\" data-id=\"211\" src=\"http:\/\/opendeblois.com\/wp-content\/uploads\/2026\/01\/drone3-1024x683.jpg\" alt=\"\" class=\"wp-image-211\" srcset=\"https:\/\/opendeblois.com\/wp-content\/uploads\/2026\/01\/drone3-1024x683.jpg 1024w, https:\/\/opendeblois.com\/wp-content\/uploads\/2026\/01\/drone3-300x200.jpg 300w, https:\/\/opendeblois.com\/wp-content\/uploads\/2026\/01\/drone3-768x512.jpg 768w, https:\/\/opendeblois.com\/wp-content\/uploads\/2026\/01\/drone3-1536x1024.jpg 1536w, https:\/\/opendeblois.com\/wp-content\/uploads\/2026\/01\/drone3-2048x1365.jpg 2048w, https:\/\/opendeblois.com\/wp-content\/uploads\/2026\/01\/drone3-1200x800.jpg 1200w, https:\/\/opendeblois.com\/wp-content\/uploads\/2026\/01\/drone3-1980x1320.jpg 1980w\" sizes=\"auto, (max-width: 1024px) 100vw, 1024px\" \/><\/figure>\n\n\n\n<figure class=\"wp-block-image size-large is-style-default\"><img loading=\"lazy\" decoding=\"async\" width=\"1024\" height=\"768\" data-id=\"204\" src=\"http:\/\/opendeblois.com\/wp-content\/uploads\/2026\/01\/92fb1384-0745-4a69-a5af-d34b0956b1c7-1024x768.jpg\" alt=\"\" class=\"wp-image-204\" srcset=\"https:\/\/opendeblois.com\/wp-content\/uploads\/2026\/01\/92fb1384-0745-4a69-a5af-d34b0956b1c7-1024x768.jpg 1024w, https:\/\/opendeblois.com\/wp-content\/uploads\/2026\/01\/92fb1384-0745-4a69-a5af-d34b0956b1c7-300x225.jpg 300w, https:\/\/opendeblois.com\/wp-content\/uploads\/2026\/01\/92fb1384-0745-4a69-a5af-d34b0956b1c7-768x576.jpg 768w, https:\/\/opendeblois.com\/wp-content\/uploads\/2026\/01\/92fb1384-0745-4a69-a5af-d34b0956b1c7-1536x1152.jpg 1536w, https:\/\/opendeblois.com\/wp-content\/uploads\/2026\/01\/92fb1384-0745-4a69-a5af-d34b0956b1c7-1200x900.jpg 1200w, https:\/\/opendeblois.com\/wp-content\/uploads\/2026\/01\/92fb1384-0745-4a69-a5af-d34b0956b1c7-1980x1485.jpg 1980w, https:\/\/opendeblois.com\/wp-content\/uploads\/2026\/01\/92fb1384-0745-4a69-a5af-d34b0956b1c7.jpg 2048w\" sizes=\"auto, (max-width: 1024px) 100vw, 1024px\" \/><\/figure>\n\n\n\n<figure class=\"wp-block-image size-large\"><img loading=\"lazy\" decoding=\"async\" width=\"1024\" height=\"576\" data-id=\"205\" src=\"http:\/\/opendeblois.com\/wp-content\/uploads\/2026\/01\/231a3a87-3017-46c9-9cff-8a07335ce0c8-1024x576.jpg\" alt=\"\" class=\"wp-image-205\" srcset=\"https:\/\/opendeblois.com\/wp-content\/uploads\/2026\/01\/231a3a87-3017-46c9-9cff-8a07335ce0c8-1024x576.jpg 1024w, https:\/\/opendeblois.com\/wp-content\/uploads\/2026\/01\/231a3a87-3017-46c9-9cff-8a07335ce0c8-300x169.jpg 300w, https:\/\/opendeblois.com\/wp-content\/uploads\/2026\/01\/231a3a87-3017-46c9-9cff-8a07335ce0c8-768x432.jpg 768w, https:\/\/opendeblois.com\/wp-content\/uploads\/2026\/01\/231a3a87-3017-46c9-9cff-8a07335ce0c8-1200x675.jpg 1200w, https:\/\/opendeblois.com\/wp-content\/uploads\/2026\/01\/231a3a87-3017-46c9-9cff-8a07335ce0c8.jpg 1280w\" sizes=\"auto, (max-width: 1024px) 100vw, 1024px\" \/><\/figure>\n\n\n\n<figure class=\"wp-block-image size-large\"><img loading=\"lazy\" decoding=\"async\" width=\"1024\" height=\"768\" data-id=\"209\" src=\"https:\/\/opendeblois.com\/wp-content\/uploads\/2026\/01\/26ed438b-6f2e-40bf-ba06-ea30fa49ffeb-1024x768.jpg\" alt=\"\" class=\"wp-image-209\" srcset=\"https:\/\/opendeblois.com\/wp-content\/uploads\/2026\/01\/26ed438b-6f2e-40bf-ba06-ea30fa49ffeb-1024x768.jpg 1024w, https:\/\/opendeblois.com\/wp-content\/uploads\/2026\/01\/26ed438b-6f2e-40bf-ba06-ea30fa49ffeb-300x225.jpg 300w, https:\/\/opendeblois.com\/wp-content\/uploads\/2026\/01\/26ed438b-6f2e-40bf-ba06-ea30fa49ffeb-768x576.jpg 768w, https:\/\/opendeblois.com\/wp-content\/uploads\/2026\/01\/26ed438b-6f2e-40bf-ba06-ea30fa49ffeb-1536x1152.jpg 1536w, https:\/\/opendeblois.com\/wp-content\/uploads\/2026\/01\/26ed438b-6f2e-40bf-ba06-ea30fa49ffeb-1200x900.jpg 1200w, https:\/\/opendeblois.com\/wp-content\/uploads\/2026\/01\/26ed438b-6f2e-40bf-ba06-ea30fa49ffeb-1980x1485.jpg 1980w, https:\/\/opendeblois.com\/wp-content\/uploads\/2026\/01\/26ed438b-6f2e-40bf-ba06-ea30fa49ffeb.jpg 2048w\" sizes=\"auto, (max-width: 1024px) 100vw, 1024px\" \/><\/figure>\n\n\n\n<figure class=\"wp-block-image size-large\"><img loading=\"lazy\" decoding=\"async\" width=\"1024\" height=\"768\" data-id=\"208\" src=\"https:\/\/opendeblois.com\/wp-content\/uploads\/2026\/01\/dd20c4f8-0f6c-4b20-8e7f-8966cc5faa33-1024x768.jpg\" alt=\"\" class=\"wp-image-208\" srcset=\"https:\/\/opendeblois.com\/wp-content\/uploads\/2026\/01\/dd20c4f8-0f6c-4b20-8e7f-8966cc5faa33-1024x768.jpg 1024w, https:\/\/opendeblois.com\/wp-content\/uploads\/2026\/01\/dd20c4f8-0f6c-4b20-8e7f-8966cc5faa33-300x225.jpg 300w, https:\/\/opendeblois.com\/wp-content\/uploads\/2026\/01\/dd20c4f8-0f6c-4b20-8e7f-8966cc5faa33-768x576.jpg 768w, https:\/\/opendeblois.com\/wp-content\/uploads\/2026\/01\/dd20c4f8-0f6c-4b20-8e7f-8966cc5faa33-1536x1152.jpg 1536w, https:\/\/opendeblois.com\/wp-content\/uploads\/2026\/01\/dd20c4f8-0f6c-4b20-8e7f-8966cc5faa33-1200x900.jpg 1200w, https:\/\/opendeblois.com\/wp-content\/uploads\/2026\/01\/dd20c4f8-0f6c-4b20-8e7f-8966cc5faa33-1980x1485.jpg 1980w, https:\/\/opendeblois.com\/wp-content\/uploads\/2026\/01\/dd20c4f8-0f6c-4b20-8e7f-8966cc5faa33.jpg 2048w\" sizes=\"auto, (max-width: 1024px) 100vw, 1024px\" \/><\/figure>\n\n\n\n<figure class=\"wp-block-image size-large\"><img loading=\"lazy\" decoding=\"async\" width=\"1024\" height=\"768\" data-id=\"207\" src=\"https:\/\/opendeblois.com\/wp-content\/uploads\/2026\/01\/5693d2bd-e9db-45bd-ac95-cde10c769626-1024x768.jpg\" alt=\"\" class=\"wp-image-207\" srcset=\"https:\/\/opendeblois.com\/wp-content\/uploads\/2026\/01\/5693d2bd-e9db-45bd-ac95-cde10c769626-1024x768.jpg 1024w, https:\/\/opendeblois.com\/wp-content\/uploads\/2026\/01\/5693d2bd-e9db-45bd-ac95-cde10c769626-300x225.jpg 300w, https:\/\/opendeblois.com\/wp-content\/uploads\/2026\/01\/5693d2bd-e9db-45bd-ac95-cde10c769626-768x576.jpg 768w, https:\/\/opendeblois.com\/wp-content\/uploads\/2026\/01\/5693d2bd-e9db-45bd-ac95-cde10c769626-1536x1152.jpg 1536w, https:\/\/opendeblois.com\/wp-content\/uploads\/2026\/01\/5693d2bd-e9db-45bd-ac95-cde10c769626-1200x900.jpg 1200w, https:\/\/opendeblois.com\/wp-content\/uploads\/2026\/01\/5693d2bd-e9db-45bd-ac95-cde10c769626-1980x1485.jpg 1980w, https:\/\/opendeblois.com\/wp-content\/uploads\/2026\/01\/5693d2bd-e9db-45bd-ac95-cde10c769626.jpg 2048w\" sizes=\"auto, (max-width: 1024px) 100vw, 1024px\" \/><\/figure>\n\n\n\n<figure class=\"wp-block-image size-large\"><img loading=\"lazy\" decoding=\"async\" width=\"1024\" height=\"576\" data-id=\"210\" src=\"http:\/\/opendeblois.com\/wp-content\/uploads\/2026\/01\/f45b5737-9d23-4c4c-9e36-b726c5769e35-1024x576.jpg\" alt=\"\" class=\"wp-image-210\" srcset=\"https:\/\/opendeblois.com\/wp-content\/uploads\/2026\/01\/f45b5737-9d23-4c4c-9e36-b726c5769e35-1024x576.jpg 1024w, https:\/\/opendeblois.com\/wp-content\/uploads\/2026\/01\/f45b5737-9d23-4c4c-9e36-b726c5769e35-300x169.jpg 300w, https:\/\/opendeblois.com\/wp-content\/uploads\/2026\/01\/f45b5737-9d23-4c4c-9e36-b726c5769e35-768x432.jpg 768w, https:\/\/opendeblois.com\/wp-content\/uploads\/2026\/01\/f45b5737-9d23-4c4c-9e36-b726c5769e35-1200x675.jpg 1200w, https:\/\/opendeblois.com\/wp-content\/uploads\/2026\/01\/f45b5737-9d23-4c4c-9e36-b726c5769e35.jpg 1280w\" sizes=\"auto, (max-width: 1024px) 100vw, 1024px\" \/><\/figure>\n\n\n\n<figure class=\"wp-block-image size-large\"><img loading=\"lazy\" decoding=\"async\" width=\"1024\" height=\"683\" data-id=\"203\" src=\"http:\/\/opendeblois.com\/wp-content\/uploads\/2026\/01\/IMG_9521-1024x683.jpg\" alt=\"\" class=\"wp-image-203\" srcset=\"https:\/\/opendeblois.com\/wp-content\/uploads\/2026\/01\/IMG_9521-1024x683.jpg 1024w, https:\/\/opendeblois.com\/wp-content\/uploads\/2026\/01\/IMG_9521-300x200.jpg 300w, https:\/\/opendeblois.com\/wp-content\/uploads\/2026\/01\/IMG_9521-768x512.jpg 768w, https:\/\/opendeblois.com\/wp-content\/uploads\/2026\/01\/IMG_9521-1536x1024.jpg 1536w, https:\/\/opendeblois.com\/wp-content\/uploads\/2026\/01\/IMG_9521-2048x1365.jpg 2048w, https:\/\/opendeblois.com\/wp-content\/uploads\/2026\/01\/IMG_9521-1200x800.jpg 1200w, https:\/\/opendeblois.com\/wp-content\/uploads\/2026\/01\/IMG_9521-1980x1320.jpg 1980w\" sizes=\"auto, (max-width: 1024px) 100vw, 1024px\" \/><\/figure>\n<\/figure>\n\n\n\n<p><\/p>\n","protected":false},"excerpt":{"rendered":"<p>La puissance de notre tournoi Passion pour le tennisdes b\u00e9n\u00e9voles et des partenaires Exp\u00e9rience de plus de 20 ans(anciennement Les Internationaux de Tennis de Blois) Site exceptionnelde la Ligue Centre-Val de Loire de Tennis Volont\u00e9 d\u2019am\u00e9liorationpermanente La force des tournois W75 Notre tournoi est un W75, c\u2019est-\u00e0-dire qu\u2019il donne 75 points au classement mondial (WTA) [&hellip;]<\/p>\n","protected":false},"author":1,"featured_media":59,"parent":0,"menu_order":0,"comment_status":"closed","ping_status":"closed","template":"","meta":{"footnotes":""},"class_list":["post-80","page","type-page","status-publish","has-post-thumbnail","hentry"],"yoast_head":"<!-- This site is optimized with the Yoast SEO plugin v26.8 - https:\/\/yoast.com\/product\/yoast-seo-wordpress\/ -->\n<title>Histoire &amp; Palmar\u00e8s - Open de Blois de Tennis<\/title>\n<meta name=\"robots\" content=\"index, follow, max-snippet:-1, max-image-preview:large, max-video-preview:-1\" \/>\n<link rel=\"canonical\" href=\"https:\/\/opendeblois.com\/index.php\/histoire\/\" \/>\n<meta property=\"og:locale\" content=\"fr_FR\" \/>\n<meta property=\"og:type\" content=\"article\" \/>\n<meta property=\"og:title\" content=\"Histoire &amp; Palmar\u00e8s - Open de Blois de Tennis\" \/>\n<meta property=\"og:description\" content=\"La puissance de notre tournoi Passion pour le tennisdes b\u00e9n\u00e9voles et des partenaires Exp\u00e9rience de plus de 20 ans(anciennement Les Internationaux de Tennis de Blois) Site exceptionnelde la Ligue Centre-Val de Loire de Tennis Volont\u00e9 d\u2019am\u00e9liorationpermanente La force des tournois W75 Notre tournoi est un W75, c\u2019est-\u00e0-dire qu\u2019il donne 75 points au classement mondial (WTA) [&hellip;]\" \/>\n<meta property=\"og:url\" content=\"https:\/\/opendeblois.com\/index.php\/histoire\/\" \/>\n<meta property=\"og:site_name\" content=\"Open de Blois de Tennis\" \/>\n<meta property=\"article:modified_time\" content=\"2026-01-16T13:57:38+00:00\" \/>\n<meta property=\"og:image\" content=\"https:\/\/opendeblois.com\/wp-content\/uploads\/2026\/01\/505880763_1362340278731531_2469774571936400862_n.jpg\" \/>\n\t<meta property=\"og:image:width\" content=\"1000\" \/>\n\t<meta property=\"og:image:height\" content=\"666\" \/>\n\t<meta property=\"og:image:type\" content=\"image\/jpeg\" \/>\n<meta name=\"twitter:card\" content=\"summary_large_image\" \/>\n<meta name=\"twitter:label1\" content=\"Dur\u00e9e de lecture estim\u00e9e\" \/>\n\t<meta name=\"twitter:data1\" content=\"1 minute\" \/>\n<script type=\"application\/ld+json\" class=\"yoast-schema-graph\">{\"@context\":\"https:\/\/schema.org\",\"@graph\":[{\"@type\":\"WebPage\",\"@id\":\"https:\/\/opendeblois.com\/index.php\/histoire\/\",\"url\":\"https:\/\/opendeblois.com\/index.php\/histoire\/\",\"name\":\"Histoire &amp; Palmar\u00e8s - Open de Blois de Tennis\",\"isPartOf\":{\"@id\":\"https:\/\/opendeblois.com\/#website\"},\"primaryImageOfPage\":{\"@id\":\"https:\/\/opendeblois.com\/index.php\/histoire\/#primaryimage\"},\"image\":{\"@id\":\"https:\/\/opendeblois.com\/index.php\/histoire\/#primaryimage\"},\"thumbnailUrl\":\"https:\/\/opendeblois.com\/wp-content\/uploads\/2026\/01\/505880763_1362340278731531_2469774571936400862_n.jpg\",\"datePublished\":\"2026-01-15T11:08:46+00:00\",\"dateModified\":\"2026-01-16T13:57:38+00:00\",\"breadcrumb\":{\"@id\":\"https:\/\/opendeblois.com\/index.php\/histoire\/#breadcrumb\"},\"inLanguage\":\"fr-FR\",\"potentialAction\":[{\"@type\":\"ReadAction\",\"target\":[\"https:\/\/opendeblois.com\/index.php\/histoire\/\"]}]},{\"@type\":\"ImageObject\",\"inLanguage\":\"fr-FR\",\"@id\":\"https:\/\/opendeblois.com\/index.php\/histoire\/#primaryimage\",\"url\":\"https:\/\/opendeblois.com\/wp-content\/uploads\/2026\/01\/505880763_1362340278731531_2469774571936400862_n.jpg\",\"contentUrl\":\"https:\/\/opendeblois.com\/wp-content\/uploads\/2026\/01\/505880763_1362340278731531_2469774571936400862_n.jpg\",\"width\":1000,\"height\":666},{\"@type\":\"BreadcrumbList\",\"@id\":\"https:\/\/opendeblois.com\/index.php\/histoire\/#breadcrumb\",\"itemListElement\":[{\"@type\":\"ListItem\",\"position\":1,\"name\":\"Accueil\",\"item\":\"https:\/\/opendeblois.com\/\"},{\"@type\":\"ListItem\",\"position\":2,\"name\":\"Histoire &amp; Palmar\u00e8s\"}]},{\"@type\":\"WebSite\",\"@id\":\"https:\/\/opendeblois.com\/#website\",\"url\":\"https:\/\/opendeblois.com\/\",\"name\":\"Open de Blois de Tennis\",\"description\":\"\",\"publisher\":{\"@id\":\"https:\/\/opendeblois.com\/#organization\"},\"potentialAction\":[{\"@type\":\"SearchAction\",\"target\":{\"@type\":\"EntryPoint\",\"urlTemplate\":\"https:\/\/opendeblois.com\/?s={search_term_string}\"},\"query-input\":{\"@type\":\"PropertyValueSpecification\",\"valueRequired\":true,\"valueName\":\"search_term_string\"}}],\"inLanguage\":\"fr-FR\"},{\"@type\":\"Organization\",\"@id\":\"https:\/\/opendeblois.com\/#organization\",\"name\":\"Open de Blois de Tennis\",\"url\":\"https:\/\/opendeblois.com\/\",\"logo\":{\"@type\":\"ImageObject\",\"inLanguage\":\"fr-FR\",\"@id\":\"https:\/\/opendeblois.com\/#\/schema\/logo\/image\/\",\"url\":\"https:\/\/opendeblois.com\/wp-content\/uploads\/2026\/01\/cropped-Logo-officiel-OB-avec-date-1-scaled-1.png\",\"contentUrl\":\"https:\/\/opendeblois.com\/wp-content\/uploads\/2026\/01\/cropped-Logo-officiel-OB-avec-date-1-scaled-1.png\",\"width\":2560,\"height\":1204,\"caption\":\"Open de Blois de Tennis\"},\"image\":{\"@id\":\"https:\/\/opendeblois.com\/#\/schema\/logo\/image\/\"}}]}<\/script>\n<!-- \/ Yoast SEO plugin. -->","yoast_head_json":{"title":"Histoire &amp; Palmar\u00e8s - Open de Blois de Tennis","robots":{"index":"index","follow":"follow","max-snippet":"max-snippet:-1","max-image-preview":"max-image-preview:large","max-video-preview":"max-video-preview:-1"},"canonical":"https:\/\/opendeblois.com\/index.php\/histoire\/","og_locale":"fr_FR","og_type":"article","og_title":"Histoire &amp; Palmar\u00e8s - Open de Blois de Tennis","og_description":"La puissance de notre tournoi Passion pour le tennisdes b\u00e9n\u00e9voles et des partenaires Exp\u00e9rience de plus de 20 ans(anciennement Les Internationaux de Tennis de Blois) Site exceptionnelde la Ligue Centre-Val de Loire de Tennis Volont\u00e9 d\u2019am\u00e9liorationpermanente La force des tournois W75 Notre tournoi est un W75, c\u2019est-\u00e0-dire qu\u2019il donne 75 points au classement mondial (WTA) [&hellip;]","og_url":"https:\/\/opendeblois.com\/index.php\/histoire\/","og_site_name":"Open de Blois de Tennis","article_modified_time":"2026-01-16T13:57:38+00:00","og_image":[{"width":1000,"height":666,"url":"https:\/\/opendeblois.com\/wp-content\/uploads\/2026\/01\/505880763_1362340278731531_2469774571936400862_n.jpg","type":"image\/jpeg"}],"twitter_card":"summary_large_image","twitter_misc":{"Dur\u00e9e de lecture estim\u00e9e":"1 minute"},"schema":{"@context":"https:\/\/schema.org","@graph":[{"@type":"WebPage","@id":"https:\/\/opendeblois.com\/index.php\/histoire\/","url":"https:\/\/opendeblois.com\/index.php\/histoire\/","name":"Histoire &amp; Palmar\u00e8s - Open de Blois de Tennis","isPartOf":{"@id":"https:\/\/opendeblois.com\/#website"},"primaryImageOfPage":{"@id":"https:\/\/opendeblois.com\/index.php\/histoire\/#primaryimage"},"image":{"@id":"https:\/\/opendeblois.com\/index.php\/histoire\/#primaryimage"},"thumbnailUrl":"https:\/\/opendeblois.com\/wp-content\/uploads\/2026\/01\/505880763_1362340278731531_2469774571936400862_n.jpg","datePublished":"2026-01-15T11:08:46+00:00","dateModified":"2026-01-16T13:57:38+00:00","breadcrumb":{"@id":"https:\/\/opendeblois.com\/index.php\/histoire\/#breadcrumb"},"inLanguage":"fr-FR","potentialAction":[{"@type":"ReadAction","target":["https:\/\/opendeblois.com\/index.php\/histoire\/"]}]},{"@type":"ImageObject","inLanguage":"fr-FR","@id":"https:\/\/opendeblois.com\/index.php\/histoire\/#primaryimage","url":"https:\/\/opendeblois.com\/wp-content\/uploads\/2026\/01\/505880763_1362340278731531_2469774571936400862_n.jpg","contentUrl":"https:\/\/opendeblois.com\/wp-content\/uploads\/2026\/01\/505880763_1362340278731531_2469774571936400862_n.jpg","width":1000,"height":666},{"@type":"BreadcrumbList","@id":"https:\/\/opendeblois.com\/index.php\/histoire\/#breadcrumb","itemListElement":[{"@type":"ListItem","position":1,"name":"Accueil","item":"https:\/\/opendeblois.com\/"},{"@type":"ListItem","position":2,"name":"Histoire &amp; Palmar\u00e8s"}]},{"@type":"WebSite","@id":"https:\/\/opendeblois.com\/#website","url":"https:\/\/opendeblois.com\/","name":"Open de Blois de Tennis","description":"","publisher":{"@id":"https:\/\/opendeblois.com\/#organization"},"potentialAction":[{"@type":"SearchAction","target":{"@type":"EntryPoint","urlTemplate":"https:\/\/opendeblois.com\/?s={search_term_string}"},"query-input":{"@type":"PropertyValueSpecification","valueRequired":true,"valueName":"search_term_string"}}],"inLanguage":"fr-FR"},{"@type":"Organization","@id":"https:\/\/opendeblois.com\/#organization","name":"Open de Blois de Tennis","url":"https:\/\/opendeblois.com\/","logo":{"@type":"ImageObject","inLanguage":"fr-FR","@id":"https:\/\/opendeblois.com\/#\/schema\/logo\/image\/","url":"https:\/\/opendeblois.com\/wp-content\/uploads\/2026\/01\/cropped-Logo-officiel-OB-avec-date-1-scaled-1.png","contentUrl":"https:\/\/opendeblois.com\/wp-content\/uploads\/2026\/01\/cropped-Logo-officiel-OB-avec-date-1-scaled-1.png","width":2560,"height":1204,"caption":"Open de Blois de Tennis"},"image":{"@id":"https:\/\/opendeblois.com\/#\/schema\/logo\/image\/"}}]}},"_links":{"self":[{"href":"https:\/\/opendeblois.com\/index.php\/wp-json\/wp\/v2\/pages\/80","targetHints":{"allow":["GET"]}}],"collection":[{"href":"https:\/\/opendeblois.com\/index.php\/wp-json\/wp\/v2\/pages"}],"about":[{"href":"https:\/\/opendeblois.com\/index.php\/wp-json\/wp\/v2\/types\/page"}],"author":[{"embeddable":true,"href":"https:\/\/opendeblois.com\/index.php\/wp-json\/wp\/v2\/users\/1"}],"replies":[{"embeddable":true,"href":"https:\/\/opendeblois.com\/index.php\/wp-json\/wp\/v2\/comments?post=80"}],"version-history":[{"count":40,"href":"https:\/\/opendeblois.com\/index.php\/wp-json\/wp\/v2\/pages\/80\/revisions"}],"predecessor-version":[{"id":304,"href":"https:\/\/opendeblois.com\/index.php\/wp-json\/wp\/v2\/pages\/80\/revisions\/304"}],"wp:featuredmedia":[{"embeddable":true,"href":"https:\/\/opendeblois.com\/index.php\/wp-json\/wp\/v2\/media\/59"}],"wp:attachment":[{"href":"https:\/\/opendeblois.com\/index.php\/wp-json\/wp\/v2\/media?parent=80"}],"curies":[{"name":"wp","href":"https:\/\/api.w.org\/{rel}","templated":true}]}}