{"id":305,"date":"2026-01-16T14:16:54","date_gmt":"2026-01-16T14:16:54","guid":{"rendered":"https:\/\/opendeblois.com\/?page_id=305"},"modified":"2026-01-16T14:33:07","modified_gmt":"2026-01-16T14:33:07","slug":"le-mot-du-directeur","status":"publish","type":"page","link":"https:\/\/opendeblois.com\/index.php\/le-mot-du-directeur\/","title":{"rendered":"Le mot du Directeur"},"content":{"rendered":"\n<p class=\"has-drop-cap\">Du 14 au 20 juin 2026, le tournoi f\u00e9minin international W75 de Blois entre dans une nouvelle \u00e8re.<\/p>\n\n\n\n<p>Une \u00e8re faite de renouveau, de responsabilit\u00e9 et de passion, port\u00e9e par la reprise de l\u2019\u00e9v\u00e9nement par la Ligue. Ce moment marque bien plus qu\u2019un simple changement d\u2019organisation : il symbolise une continuit\u00e9 assum\u00e9e et une ambition renouvel\u00e9e pour un tournoi qui fait vibrer le tennis f\u00e9minin.<\/p>\n\n\n\n<p>Nouveau nom, nouveau logo, nouvelle organisation\u2026 Ces transformations visibles incarnent un nouvel \u00e9lan. Elles traduisent une volont\u00e9 de modernit\u00e9, de clart\u00e9 et de structuration, tout en respectant profond\u00e9ment l\u2019histoire, l\u2019identit\u00e9 et les femmes qui ont fa\u00e7onn\u00e9 ce tournoi. Rien ne se perd, tout se transmet. L\u2019ADN de l\u2019\u00e9v\u00e9nement demeure, enrichi d\u2019une vision tourn\u00e9e vers l\u2019avenir.<\/p>\n\n\n\n<p>Pendant une semaine, le haut niveau international sera \u00e0 l\u2019honneur, avec des joueuses venues du monde entier pour partager leur talent, leur d\u00e9termination et leur passion. Mais ce tournoi est bien plus qu\u2019une comp\u00e9tition. Il est un lieu de rencontres, d\u2019\u00e9motions intenses, de r\u00eaves qui naissent et de vocations qui s\u2019\u00e9veillent. Un espace o\u00f9 le sport devient un langage universel, capable de rassembler toutes les g\u00e9n\u00e9rations.<\/p>\n\n\n\n<p>La Ligue Centre-Val de Loire de Tennis souhaite faire de ce tournoi un \u00e9v\u00e9nement profond\u00e9ment engag\u00e9.<\/p>\n\n\n\n<ul class=\"wp-block-list\">\n<li>Engag\u00e9 dans une gestion responsable, soucieuse de son impact environnemental, social et humain.<\/li>\n\n\n\n<li>Engag\u00e9 dans la transition \u00e9cologique, \u00e0 travers des actions concr\u00e8tes et durables.<\/li>\n\n\n\n<li>Engag\u00e9 \u00e9galement dans l\u2019\u00e9ducation et la transmission, en donnant aux jeunes, aux licenci\u00e9s et aux b\u00e9n\u00e9voles l\u2019opportunit\u00e9 de s\u2019inspirer, d\u2019apprendre et de grandir au contact du sport de haut niveau.<\/li>\n<\/ul>\n\n\n\n<p>L\u2019inclusion est au c\u0153ur de cette nouvelle aventure. Parce que le tennis est un sport d\u2019ouverture et de partage, ce tournoi se veut accessible, accueillant et f\u00e9d\u00e9rateur.<\/p>\n\n\n\n<p>Un \u00e9v\u00e9nement o\u00f9 chacune et chacun trouve sa place, sur le court comme en dehors.<\/p>\n\n\n\n<p>Cette \u00e9dition 2026 est une promesse collective : celle de continuer \u00e0 faire vivre une belle histoire du tennis f\u00e9minin, avec exigence, humilit\u00e9 et passion.<\/p>\n\n\n\n<p><strong>Une semaine pour vibrer ensemble, pour transmettre des valeurs fortes et pour \u00e9crire, pas \u00e0 pas, la suite d\u2019un tournoi r\u00e9solument tourn\u00e9 vers l\u2019avenir.<\/strong><\/p>\n\n\n\n<p>Michel Lemaire, Directeur de l&rsquo;Open de Blois<\/p>\n\n\n\n<figure class=\"wp-block-image size-full is-style-default\"><img decoding=\"async\" src=\"http:\/\/opendeblois.com\/wp-content\/uploads\/2026\/01\/Photo-individuelle_Michel-LEMAIRE.jpg\" alt=\"\" class=\"wp-image-309\"\/><\/figure>\n","protected":false},"excerpt":{"rendered":"<p>Du 14 au 20 juin 2026, le tournoi f\u00e9minin international W75 de Blois entre dans une nouvelle \u00e8re. Une \u00e8re faite de renouveau, de responsabilit\u00e9 et de passion, port\u00e9e par la reprise de l\u2019\u00e9v\u00e9nement par la Ligue. Ce moment marque bien plus qu\u2019un simple changement d\u2019organisation : il symbolise une continuit\u00e9 assum\u00e9e et une ambition [&hellip;]<\/p>\n","protected":false},"author":1,"featured_media":0,"parent":0,"menu_order":0,"comment_status":"closed","ping_status":"closed","template":"","meta":{"footnotes":""},"class_list":["post-305","page","type-page","status-publish","hentry"],"yoast_head":"<!-- This site is optimized with the Yoast SEO plugin v26.8 - https:\/\/yoast.com\/product\/yoast-seo-wordpress\/ -->\n<title>Le mot du Directeur - Open de Blois de Tennis<\/title>\n<meta name=\"robots\" content=\"index, follow, max-snippet:-1, max-image-preview:large, max-video-preview:-1\" \/>\n<link rel=\"canonical\" href=\"https:\/\/opendeblois.com\/index.php\/le-mot-du-directeur\/\" \/>\n<meta property=\"og:locale\" content=\"fr_FR\" \/>\n<meta property=\"og:type\" content=\"article\" \/>\n<meta property=\"og:title\" content=\"Le mot du Directeur - Open de Blois de Tennis\" \/>\n<meta property=\"og:description\" content=\"Du 14 au 20 juin 2026, le tournoi f\u00e9minin international W75 de Blois entre dans une nouvelle \u00e8re. Une \u00e8re faite de renouveau, de responsabilit\u00e9 et de passion, port\u00e9e par la reprise de l\u2019\u00e9v\u00e9nement par la Ligue. Ce moment marque bien plus qu\u2019un simple changement d\u2019organisation : il symbolise une continuit\u00e9 assum\u00e9e et une ambition [&hellip;]\" \/>\n<meta property=\"og:url\" content=\"https:\/\/opendeblois.com\/index.php\/le-mot-du-directeur\/\" \/>\n<meta property=\"og:site_name\" content=\"Open de Blois de Tennis\" \/>\n<meta property=\"article:modified_time\" content=\"2026-01-16T14:33:07+00:00\" \/>\n<meta property=\"og:image\" content=\"http:\/\/opendeblois.com\/wp-content\/uploads\/2026\/01\/Photo-individuelle_Michel-LEMAIRE.jpg\" \/>\n<meta name=\"twitter:card\" content=\"summary_large_image\" \/>\n<meta name=\"twitter:label1\" content=\"Dur\u00e9e de lecture estim\u00e9e\" \/>\n\t<meta name=\"twitter:data1\" content=\"2 minutes\" \/>\n<script type=\"application\/ld+json\" class=\"yoast-schema-graph\">{\"@context\":\"https:\/\/schema.org\",\"@graph\":[{\"@type\":\"WebPage\",\"@id\":\"https:\/\/opendeblois.com\/index.php\/le-mot-du-directeur\/\",\"url\":\"https:\/\/opendeblois.com\/index.php\/le-mot-du-directeur\/\",\"name\":\"Le mot du Directeur - Open de Blois de Tennis\",\"isPartOf\":{\"@id\":\"https:\/\/opendeblois.com\/#website\"},\"primaryImageOfPage\":{\"@id\":\"https:\/\/opendeblois.com\/index.php\/le-mot-du-directeur\/#primaryimage\"},\"image\":{\"@id\":\"https:\/\/opendeblois.com\/index.php\/le-mot-du-directeur\/#primaryimage\"},\"thumbnailUrl\":\"http:\/\/opendeblois.com\/wp-content\/uploads\/2026\/01\/Photo-individuelle_Michel-LEMAIRE.jpg\",\"datePublished\":\"2026-01-16T14:16:54+00:00\",\"dateModified\":\"2026-01-16T14:33:07+00:00\",\"breadcrumb\":{\"@id\":\"https:\/\/opendeblois.com\/index.php\/le-mot-du-directeur\/#breadcrumb\"},\"inLanguage\":\"fr-FR\",\"potentialAction\":[{\"@type\":\"ReadAction\",\"target\":[\"https:\/\/opendeblois.com\/index.php\/le-mot-du-directeur\/\"]}]},{\"@type\":\"ImageObject\",\"inLanguage\":\"fr-FR\",\"@id\":\"https:\/\/opendeblois.com\/index.php\/le-mot-du-directeur\/#primaryimage\",\"url\":\"https:\/\/opendeblois.com\/wp-content\/uploads\/2026\/01\/Photo-individuelle_Michel-LEMAIRE.jpg\",\"contentUrl\":\"https:\/\/opendeblois.com\/wp-content\/uploads\/2026\/01\/Photo-individuelle_Michel-LEMAIRE.jpg\"},{\"@type\":\"BreadcrumbList\",\"@id\":\"https:\/\/opendeblois.com\/index.php\/le-mot-du-directeur\/#breadcrumb\",\"itemListElement\":[{\"@type\":\"ListItem\",\"position\":1,\"name\":\"Accueil\",\"item\":\"https:\/\/opendeblois.com\/\"},{\"@type\":\"ListItem\",\"position\":2,\"name\":\"Le mot du Directeur\"}]},{\"@type\":\"WebSite\",\"@id\":\"https:\/\/opendeblois.com\/#website\",\"url\":\"https:\/\/opendeblois.com\/\",\"name\":\"Open de Blois de Tennis\",\"description\":\"\",\"publisher\":{\"@id\":\"https:\/\/opendeblois.com\/#organization\"},\"potentialAction\":[{\"@type\":\"SearchAction\",\"target\":{\"@type\":\"EntryPoint\",\"urlTemplate\":\"https:\/\/opendeblois.com\/?s={search_term_string}\"},\"query-input\":{\"@type\":\"PropertyValueSpecification\",\"valueRequired\":true,\"valueName\":\"search_term_string\"}}],\"inLanguage\":\"fr-FR\"},{\"@type\":\"Organization\",\"@id\":\"https:\/\/opendeblois.com\/#organization\",\"name\":\"Open de Blois de Tennis\",\"url\":\"https:\/\/opendeblois.com\/\",\"logo\":{\"@type\":\"ImageObject\",\"inLanguage\":\"fr-FR\",\"@id\":\"https:\/\/opendeblois.com\/#\/schema\/logo\/image\/\",\"url\":\"https:\/\/opendeblois.com\/wp-content\/uploads\/2026\/01\/cropped-Logo-officiel-OB-avec-date-1-scaled-1.png\",\"contentUrl\":\"https:\/\/opendeblois.com\/wp-content\/uploads\/2026\/01\/cropped-Logo-officiel-OB-avec-date-1-scaled-1.png\",\"width\":2560,\"height\":1204,\"caption\":\"Open de Blois de Tennis\"},\"image\":{\"@id\":\"https:\/\/opendeblois.com\/#\/schema\/logo\/image\/\"}}]}<\/script>\n<!-- \/ Yoast SEO plugin. -->","yoast_head_json":{"title":"Le mot du Directeur - Open de Blois de Tennis","robots":{"index":"index","follow":"follow","max-snippet":"max-snippet:-1","max-image-preview":"max-image-preview:large","max-video-preview":"max-video-preview:-1"},"canonical":"https:\/\/opendeblois.com\/index.php\/le-mot-du-directeur\/","og_locale":"fr_FR","og_type":"article","og_title":"Le mot du Directeur - Open de Blois de Tennis","og_description":"Du 14 au 20 juin 2026, le tournoi f\u00e9minin international W75 de Blois entre dans une nouvelle \u00e8re. Une \u00e8re faite de renouveau, de responsabilit\u00e9 et de passion, port\u00e9e par la reprise de l\u2019\u00e9v\u00e9nement par la Ligue. Ce moment marque bien plus qu\u2019un simple changement d\u2019organisation : il symbolise une continuit\u00e9 assum\u00e9e et une ambition [&hellip;]","og_url":"https:\/\/opendeblois.com\/index.php\/le-mot-du-directeur\/","og_site_name":"Open de Blois de Tennis","article_modified_time":"2026-01-16T14:33:07+00:00","og_image":[{"url":"http:\/\/opendeblois.com\/wp-content\/uploads\/2026\/01\/Photo-individuelle_Michel-LEMAIRE.jpg","type":"","width":"","height":""}],"twitter_card":"summary_large_image","twitter_misc":{"Dur\u00e9e de lecture estim\u00e9e":"2 minutes"},"schema":{"@context":"https:\/\/schema.org","@graph":[{"@type":"WebPage","@id":"https:\/\/opendeblois.com\/index.php\/le-mot-du-directeur\/","url":"https:\/\/opendeblois.com\/index.php\/le-mot-du-directeur\/","name":"Le mot du Directeur - Open de Blois de Tennis","isPartOf":{"@id":"https:\/\/opendeblois.com\/#website"},"primaryImageOfPage":{"@id":"https:\/\/opendeblois.com\/index.php\/le-mot-du-directeur\/#primaryimage"},"image":{"@id":"https:\/\/opendeblois.com\/index.php\/le-mot-du-directeur\/#primaryimage"},"thumbnailUrl":"http:\/\/opendeblois.com\/wp-content\/uploads\/2026\/01\/Photo-individuelle_Michel-LEMAIRE.jpg","datePublished":"2026-01-16T14:16:54+00:00","dateModified":"2026-01-16T14:33:07+00:00","breadcrumb":{"@id":"https:\/\/opendeblois.com\/index.php\/le-mot-du-directeur\/#breadcrumb"},"inLanguage":"fr-FR","potentialAction":[{"@type":"ReadAction","target":["https:\/\/opendeblois.com\/index.php\/le-mot-du-directeur\/"]}]},{"@type":"ImageObject","inLanguage":"fr-FR","@id":"https:\/\/opendeblois.com\/index.php\/le-mot-du-directeur\/#primaryimage","url":"https:\/\/opendeblois.com\/wp-content\/uploads\/2026\/01\/Photo-individuelle_Michel-LEMAIRE.jpg","contentUrl":"https:\/\/opendeblois.com\/wp-content\/uploads\/2026\/01\/Photo-individuelle_Michel-LEMAIRE.jpg"},{"@type":"BreadcrumbList","@id":"https:\/\/opendeblois.com\/index.php\/le-mot-du-directeur\/#breadcrumb","itemListElement":[{"@type":"ListItem","position":1,"name":"Accueil","item":"https:\/\/opendeblois.com\/"},{"@type":"ListItem","position":2,"name":"Le mot du Directeur"}]},{"@type":"WebSite","@id":"https:\/\/opendeblois.com\/#website","url":"https:\/\/opendeblois.com\/","name":"Open de Blois de Tennis","description":"","publisher":{"@id":"https:\/\/opendeblois.com\/#organization"},"potentialAction":[{"@type":"SearchAction","target":{"@type":"EntryPoint","urlTemplate":"https:\/\/opendeblois.com\/?s={search_term_string}"},"query-input":{"@type":"PropertyValueSpecification","valueRequired":true,"valueName":"search_term_string"}}],"inLanguage":"fr-FR"},{"@type":"Organization","@id":"https:\/\/opendeblois.com\/#organization","name":"Open de Blois de Tennis","url":"https:\/\/opendeblois.com\/","logo":{"@type":"ImageObject","inLanguage":"fr-FR","@id":"https:\/\/opendeblois.com\/#\/schema\/logo\/image\/","url":"https:\/\/opendeblois.com\/wp-content\/uploads\/2026\/01\/cropped-Logo-officiel-OB-avec-date-1-scaled-1.png","contentUrl":"https:\/\/opendeblois.com\/wp-content\/uploads\/2026\/01\/cropped-Logo-officiel-OB-avec-date-1-scaled-1.png","width":2560,"height":1204,"caption":"Open de Blois de Tennis"},"image":{"@id":"https:\/\/opendeblois.com\/#\/schema\/logo\/image\/"}}]}},"_links":{"self":[{"href":"https:\/\/opendeblois.com\/index.php\/wp-json\/wp\/v2\/pages\/305","targetHints":{"allow":["GET"]}}],"collection":[{"href":"https:\/\/opendeblois.com\/index.php\/wp-json\/wp\/v2\/pages"}],"about":[{"href":"https:\/\/opendeblois.com\/index.php\/wp-json\/wp\/v2\/types\/page"}],"author":[{"embeddable":true,"href":"https:\/\/opendeblois.com\/index.php\/wp-json\/wp\/v2\/users\/1"}],"replies":[{"embeddable":true,"href":"https:\/\/opendeblois.com\/index.php\/wp-json\/wp\/v2\/comments?post=305"}],"version-history":[{"count":12,"href":"https:\/\/opendeblois.com\/index.php\/wp-json\/wp\/v2\/pages\/305\/revisions"}],"predecessor-version":[{"id":325,"href":"https:\/\/opendeblois.com\/index.php\/wp-json\/wp\/v2\/pages\/305\/revisions\/325"}],"wp:attachment":[{"href":"https:\/\/opendeblois.com\/index.php\/wp-json\/wp\/v2\/media?parent=305"}],"curies":[{"name":"wp","href":"https:\/\/api.w.org\/{rel}","templated":true}]}}