{"id":273,"date":"2026-01-15T15:47:16","date_gmt":"2026-01-15T15:47:16","guid":{"rendered":"https:\/\/opendeblois.com\/?page_id=273"},"modified":"2026-01-16T15:37:34","modified_gmt":"2026-01-16T15:37:34","slug":"devenir-partenaire","status":"publish","type":"page","link":"https:\/\/opendeblois.com\/index.php\/devenir-partenaire\/","title":{"rendered":"Devenir partenaire"},"content":{"rendered":"\n<p>Devenir partenaire de l&rsquo;Open de Blois de Tennis, c\u2019est rejoindre avant tout un r\u00e9seau professionnel convivial et performant qui nous permet de continuer de d\u00e9velopper notre tournoi.<\/p>\n\n\n\n<figure class=\"wp-block-gallery has-nested-images columns-default is-cropped wp-block-gallery-1 is-layout-flex wp-block-gallery-is-layout-flex\">\n<figure class=\"wp-block-image size-large\"><img loading=\"lazy\" decoding=\"async\" width=\"300\" height=\"281\" data-id=\"286\" src=\"https:\/\/opendeblois.com\/wp-content\/uploads\/2026\/01\/photo-partenaire-5-300x281-1.webp\" alt=\"\" class=\"wp-image-286\"\/><\/figure>\n\n\n\n<figure class=\"wp-block-image size-large\"><img loading=\"lazy\" decoding=\"async\" width=\"1000\" height=\"666\" data-id=\"287\" src=\"https:\/\/opendeblois.com\/wp-content\/uploads\/2026\/01\/495525085_1357629412535951_952156752168053485_n.jpg\" alt=\"\" class=\"wp-image-287\" srcset=\"https:\/\/opendeblois.com\/wp-content\/uploads\/2026\/01\/495525085_1357629412535951_952156752168053485_n.jpg 1000w, https:\/\/opendeblois.com\/wp-content\/uploads\/2026\/01\/495525085_1357629412535951_952156752168053485_n-300x200.jpg 300w, https:\/\/opendeblois.com\/wp-content\/uploads\/2026\/01\/495525085_1357629412535951_952156752168053485_n-768x511.jpg 768w\" sizes=\"auto, (max-width: 1000px) 100vw, 1000px\" \/><\/figure>\n\n\n\n<figure class=\"wp-block-image size-large\"><img loading=\"lazy\" decoding=\"async\" width=\"1000\" height=\"666\" data-id=\"291\" src=\"https:\/\/opendeblois.com\/wp-content\/uploads\/2026\/01\/505714705_1358457325786493_5150353390014953272_n.jpg\" alt=\"\" class=\"wp-image-291\" srcset=\"https:\/\/opendeblois.com\/wp-content\/uploads\/2026\/01\/505714705_1358457325786493_5150353390014953272_n.jpg 1000w, https:\/\/opendeblois.com\/wp-content\/uploads\/2026\/01\/505714705_1358457325786493_5150353390014953272_n-300x200.jpg 300w, https:\/\/opendeblois.com\/wp-content\/uploads\/2026\/01\/505714705_1358457325786493_5150353390014953272_n-768x511.jpg 768w\" sizes=\"auto, (max-width: 1000px) 100vw, 1000px\" \/><\/figure>\n\n\n\n<figure class=\"wp-block-image size-large\"><img loading=\"lazy\" decoding=\"async\" width=\"1000\" height=\"666\" data-id=\"289\" src=\"https:\/\/opendeblois.com\/wp-content\/uploads\/2026\/01\/506528121_1360127508952808_6822552193705187233_n.jpg\" alt=\"\" class=\"wp-image-289\" srcset=\"https:\/\/opendeblois.com\/wp-content\/uploads\/2026\/01\/506528121_1360127508952808_6822552193705187233_n.jpg 1000w, https:\/\/opendeblois.com\/wp-content\/uploads\/2026\/01\/506528121_1360127508952808_6822552193705187233_n-300x200.jpg 300w, https:\/\/opendeblois.com\/wp-content\/uploads\/2026\/01\/506528121_1360127508952808_6822552193705187233_n-768x511.jpg 768w\" sizes=\"auto, (max-width: 1000px) 100vw, 1000px\" \/><\/figure>\n\n\n\n<figure class=\"wp-block-image size-large\"><img loading=\"lazy\" decoding=\"async\" width=\"1000\" height=\"666\" data-id=\"288\" src=\"https:\/\/opendeblois.com\/wp-content\/uploads\/2026\/01\/508268892_1360916108873948_5455797966599982993_n.jpg\" alt=\"\" class=\"wp-image-288\" srcset=\"https:\/\/opendeblois.com\/wp-content\/uploads\/2026\/01\/508268892_1360916108873948_5455797966599982993_n.jpg 1000w, https:\/\/opendeblois.com\/wp-content\/uploads\/2026\/01\/508268892_1360916108873948_5455797966599982993_n-300x200.jpg 300w, https:\/\/opendeblois.com\/wp-content\/uploads\/2026\/01\/508268892_1360916108873948_5455797966599982993_n-768x511.jpg 768w\" sizes=\"auto, (max-width: 1000px) 100vw, 1000px\" \/><\/figure>\n\n\n\n<figure class=\"wp-block-image size-large\"><img loading=\"lazy\" decoding=\"async\" width=\"1000\" height=\"666\" data-id=\"290\" src=\"https:\/\/opendeblois.com\/wp-content\/uploads\/2026\/01\/509924754_1361674492131443_1757223538551081458_n.jpg\" alt=\"\" class=\"wp-image-290\" srcset=\"https:\/\/opendeblois.com\/wp-content\/uploads\/2026\/01\/509924754_1361674492131443_1757223538551081458_n.jpg 1000w, https:\/\/opendeblois.com\/wp-content\/uploads\/2026\/01\/509924754_1361674492131443_1757223538551081458_n-300x200.jpg 300w, https:\/\/opendeblois.com\/wp-content\/uploads\/2026\/01\/509924754_1361674492131443_1757223538551081458_n-768x511.jpg 768w\" sizes=\"auto, (max-width: 1000px) 100vw, 1000px\" \/><\/figure>\n\n\n\n<figure class=\"wp-block-image size-large\"><img loading=\"lazy\" decoding=\"async\" width=\"1000\" height=\"666\" data-id=\"293\" src=\"https:\/\/opendeblois.com\/wp-content\/uploads\/2026\/01\/510245965_1361711295461096_8431560125340451461_n.jpg\" alt=\"\" class=\"wp-image-293\" srcset=\"https:\/\/opendeblois.com\/wp-content\/uploads\/2026\/01\/510245965_1361711295461096_8431560125340451461_n.jpg 1000w, https:\/\/opendeblois.com\/wp-content\/uploads\/2026\/01\/510245965_1361711295461096_8431560125340451461_n-300x200.jpg 300w, https:\/\/opendeblois.com\/wp-content\/uploads\/2026\/01\/510245965_1361711295461096_8431560125340451461_n-768x511.jpg 768w\" sizes=\"auto, (max-width: 1000px) 100vw, 1000px\" \/><\/figure>\n\n\n\n<figure class=\"wp-block-image size-large\"><img loading=\"lazy\" decoding=\"async\" width=\"1000\" height=\"666\" data-id=\"292\" src=\"https:\/\/opendeblois.com\/wp-content\/uploads\/2026\/01\/509920239_1361711258794433_8762830696152072259_n.jpg\" alt=\"\" class=\"wp-image-292\" srcset=\"https:\/\/opendeblois.com\/wp-content\/uploads\/2026\/01\/509920239_1361711258794433_8762830696152072259_n.jpg 1000w, https:\/\/opendeblois.com\/wp-content\/uploads\/2026\/01\/509920239_1361711258794433_8762830696152072259_n-300x200.jpg 300w, https:\/\/opendeblois.com\/wp-content\/uploads\/2026\/01\/509920239_1361711258794433_8762830696152072259_n-768x511.jpg 768w\" sizes=\"auto, (max-width: 1000px) 100vw, 1000px\" \/><\/figure>\n<\/figure>\n\n\n\n<blockquote class=\"wp-block-quote is-layout-flow wp-block-quote-is-layout-flow\">\n<p><strong>Acc\u00e8s \u00e0 un nouveau public cibl\u00e9<\/strong><\/p>\n<\/blockquote>\n\n\n\n<p>Le tournoi attire un public passionn\u00e9, de qualit\u00e9 et fid\u00e8le, offrant aux partenaires l\u2019opportunit\u00e9 de se faire conna\u00eetre aupr\u00e8s de spectateurs locaux.<\/p>\n\n\n\n<blockquote class=\"wp-block-quote is-layout-flow wp-block-quote-is-layout-flow\">\n<p><strong>Mise en relation professionnelle<\/strong><\/p>\n<\/blockquote>\n\n\n\n<p>Le tournoi constitue un excellent lieu de rencontres professionnelles et d\u2019opportunit\u00e9s de partenariat, augmentant ainsi les chances d\u2019\u00e9largir<br>le r\u00e9seau commercial des partenaires.<\/p>\n\n\n\n<blockquote class=\"wp-block-quote is-layout-flow wp-block-quote-is-layout-flow\">\n<p><strong>Visibilit\u00e9 et exposition de marque<\/strong><\/p>\n<\/blockquote>\n\n\n\n<p>Une couverture m\u00e9diatique de l\u2019\u00e9v\u00e9nement (r\u00e9seaux sociaux, presse) permet une exposition continue tout au long du tournoi, cr\u00e9ant une visibilit\u00e9 \u00e0 long terme.<\/p>\n\n\n\n<h2 class=\"wp-block-heading\">Contactez-nous<\/h2>\n\n\n\n<div class=\"wp-block-columns is-layout-flex wp-container-core-columns-is-layout-9d6595d7 wp-block-columns-is-layout-flex\">\n<div class=\"wp-block-column is-layout-flow wp-block-column-is-layout-flow\" style=\"flex-basis:33.33%\">\n<figure class=\"wp-block-image size-full\"><img decoding=\"async\" src=\"http:\/\/opendeblois.com\/wp-content\/uploads\/2026\/01\/NQTT8149.jpg\" alt=\"\" class=\"wp-image-351\"\/><\/figure>\n<\/div>\n\n\n\n<div class=\"wp-block-column is-vertically-aligned-center is-layout-flow wp-block-column-is-layout-flow\" style=\"flex-basis:66.66%\">\n<p><strong>William Beaudoin<\/strong><br><strong>Responsable des partenariats<\/strong><\/p>\n\n\n\n<p>T\u00e9l\u00e9phone : 06 81 60 68 13<br>Mail : william.beaudoin@fft.fr <br><\/p>\n<\/div>\n<\/div>\n","protected":false},"excerpt":{"rendered":"<p>Devenir partenaire de l&rsquo;Open de Blois de Tennis, c\u2019est rejoindre avant tout un r\u00e9seau professionnel convivial et performant qui nous permet de continuer de d\u00e9velopper notre tournoi. Acc\u00e8s \u00e0 un nouveau public cibl\u00e9 Le tournoi attire un public passionn\u00e9, de qualit\u00e9 et fid\u00e8le, offrant aux partenaires l\u2019opportunit\u00e9 de se faire conna\u00eetre aupr\u00e8s de spectateurs locaux. [&hellip;]<\/p>\n","protected":false},"author":1,"featured_media":0,"parent":0,"menu_order":0,"comment_status":"closed","ping_status":"closed","template":"","meta":{"footnotes":""},"class_list":["post-273","page","type-page","status-publish","hentry"],"yoast_head":"<!-- This site is optimized with the Yoast SEO plugin v26.8 - https:\/\/yoast.com\/product\/yoast-seo-wordpress\/ -->\n<title>Devenir partenaire - Open de Blois de Tennis<\/title>\n<meta name=\"robots\" content=\"index, follow, max-snippet:-1, max-image-preview:large, max-video-preview:-1\" \/>\n<link rel=\"canonical\" href=\"https:\/\/opendeblois.com\/index.php\/devenir-partenaire\/\" \/>\n<meta property=\"og:locale\" content=\"fr_FR\" \/>\n<meta property=\"og:type\" content=\"article\" \/>\n<meta property=\"og:title\" content=\"Devenir partenaire - Open de Blois de Tennis\" \/>\n<meta property=\"og:description\" content=\"Devenir partenaire de l&rsquo;Open de Blois de Tennis, c\u2019est rejoindre avant tout un r\u00e9seau professionnel convivial et performant qui nous permet de continuer de d\u00e9velopper notre tournoi. Acc\u00e8s \u00e0 un nouveau public cibl\u00e9 Le tournoi attire un public passionn\u00e9, de qualit\u00e9 et fid\u00e8le, offrant aux partenaires l\u2019opportunit\u00e9 de se faire conna\u00eetre aupr\u00e8s de spectateurs locaux. [&hellip;]\" \/>\n<meta property=\"og:url\" content=\"https:\/\/opendeblois.com\/index.php\/devenir-partenaire\/\" \/>\n<meta property=\"og:site_name\" content=\"Open de Blois de Tennis\" \/>\n<meta property=\"article:modified_time\" content=\"2026-01-16T15:37:34+00:00\" \/>\n<meta property=\"og:image\" content=\"https:\/\/opendeblois.com\/wp-content\/uploads\/2026\/01\/photo-partenaire-5-300x281-1.webp\" \/>\n<meta name=\"twitter:card\" content=\"summary_large_image\" \/>\n<meta name=\"twitter:label1\" content=\"Dur\u00e9e de lecture estim\u00e9e\" \/>\n\t<meta name=\"twitter:data1\" content=\"1 minute\" \/>\n<script type=\"application\/ld+json\" class=\"yoast-schema-graph\">{\"@context\":\"https:\/\/schema.org\",\"@graph\":[{\"@type\":\"WebPage\",\"@id\":\"https:\/\/opendeblois.com\/index.php\/devenir-partenaire\/\",\"url\":\"https:\/\/opendeblois.com\/index.php\/devenir-partenaire\/\",\"name\":\"Devenir partenaire - Open de Blois de Tennis\",\"isPartOf\":{\"@id\":\"https:\/\/opendeblois.com\/#website\"},\"primaryImageOfPage\":{\"@id\":\"https:\/\/opendeblois.com\/index.php\/devenir-partenaire\/#primaryimage\"},\"image\":{\"@id\":\"https:\/\/opendeblois.com\/index.php\/devenir-partenaire\/#primaryimage\"},\"thumbnailUrl\":\"https:\/\/opendeblois.com\/wp-content\/uploads\/2026\/01\/photo-partenaire-5-300x281-1.webp\",\"datePublished\":\"2026-01-15T15:47:16+00:00\",\"dateModified\":\"2026-01-16T15:37:34+00:00\",\"breadcrumb\":{\"@id\":\"https:\/\/opendeblois.com\/index.php\/devenir-partenaire\/#breadcrumb\"},\"inLanguage\":\"fr-FR\",\"potentialAction\":[{\"@type\":\"ReadAction\",\"target\":[\"https:\/\/opendeblois.com\/index.php\/devenir-partenaire\/\"]}]},{\"@type\":\"ImageObject\",\"inLanguage\":\"fr-FR\",\"@id\":\"https:\/\/opendeblois.com\/index.php\/devenir-partenaire\/#primaryimage\",\"url\":\"https:\/\/opendeblois.com\/wp-content\/uploads\/2026\/01\/photo-partenaire-5-300x281-1.webp\",\"contentUrl\":\"https:\/\/opendeblois.com\/wp-content\/uploads\/2026\/01\/photo-partenaire-5-300x281-1.webp\",\"width\":300,\"height\":281},{\"@type\":\"BreadcrumbList\",\"@id\":\"https:\/\/opendeblois.com\/index.php\/devenir-partenaire\/#breadcrumb\",\"itemListElement\":[{\"@type\":\"ListItem\",\"position\":1,\"name\":\"Accueil\",\"item\":\"https:\/\/opendeblois.com\/\"},{\"@type\":\"ListItem\",\"position\":2,\"name\":\"Devenir partenaire\"}]},{\"@type\":\"WebSite\",\"@id\":\"https:\/\/opendeblois.com\/#website\",\"url\":\"https:\/\/opendeblois.com\/\",\"name\":\"Open de Blois de Tennis\",\"description\":\"\",\"publisher\":{\"@id\":\"https:\/\/opendeblois.com\/#organization\"},\"potentialAction\":[{\"@type\":\"SearchAction\",\"target\":{\"@type\":\"EntryPoint\",\"urlTemplate\":\"https:\/\/opendeblois.com\/?s={search_term_string}\"},\"query-input\":{\"@type\":\"PropertyValueSpecification\",\"valueRequired\":true,\"valueName\":\"search_term_string\"}}],\"inLanguage\":\"fr-FR\"},{\"@type\":\"Organization\",\"@id\":\"https:\/\/opendeblois.com\/#organization\",\"name\":\"Open de Blois de Tennis\",\"url\":\"https:\/\/opendeblois.com\/\",\"logo\":{\"@type\":\"ImageObject\",\"inLanguage\":\"fr-FR\",\"@id\":\"https:\/\/opendeblois.com\/#\/schema\/logo\/image\/\",\"url\":\"https:\/\/opendeblois.com\/wp-content\/uploads\/2026\/01\/cropped-Logo-officiel-OB-avec-date-1-scaled-1.png\",\"contentUrl\":\"https:\/\/opendeblois.com\/wp-content\/uploads\/2026\/01\/cropped-Logo-officiel-OB-avec-date-1-scaled-1.png\",\"width\":2560,\"height\":1204,\"caption\":\"Open de Blois de Tennis\"},\"image\":{\"@id\":\"https:\/\/opendeblois.com\/#\/schema\/logo\/image\/\"}}]}<\/script>\n<!-- \/ Yoast SEO plugin. -->","yoast_head_json":{"title":"Devenir partenaire - Open de Blois de Tennis","robots":{"index":"index","follow":"follow","max-snippet":"max-snippet:-1","max-image-preview":"max-image-preview:large","max-video-preview":"max-video-preview:-1"},"canonical":"https:\/\/opendeblois.com\/index.php\/devenir-partenaire\/","og_locale":"fr_FR","og_type":"article","og_title":"Devenir partenaire - Open de Blois de Tennis","og_description":"Devenir partenaire de l&rsquo;Open de Blois de Tennis, c\u2019est rejoindre avant tout un r\u00e9seau professionnel convivial et performant qui nous permet de continuer de d\u00e9velopper notre tournoi. Acc\u00e8s \u00e0 un nouveau public cibl\u00e9 Le tournoi attire un public passionn\u00e9, de qualit\u00e9 et fid\u00e8le, offrant aux partenaires l\u2019opportunit\u00e9 de se faire conna\u00eetre aupr\u00e8s de spectateurs locaux. [&hellip;]","og_url":"https:\/\/opendeblois.com\/index.php\/devenir-partenaire\/","og_site_name":"Open de Blois de Tennis","article_modified_time":"2026-01-16T15:37:34+00:00","og_image":[{"url":"https:\/\/opendeblois.com\/wp-content\/uploads\/2026\/01\/photo-partenaire-5-300x281-1.webp","type":"","width":"","height":""}],"twitter_card":"summary_large_image","twitter_misc":{"Dur\u00e9e de lecture estim\u00e9e":"1 minute"},"schema":{"@context":"https:\/\/schema.org","@graph":[{"@type":"WebPage","@id":"https:\/\/opendeblois.com\/index.php\/devenir-partenaire\/","url":"https:\/\/opendeblois.com\/index.php\/devenir-partenaire\/","name":"Devenir partenaire - Open de Blois de Tennis","isPartOf":{"@id":"https:\/\/opendeblois.com\/#website"},"primaryImageOfPage":{"@id":"https:\/\/opendeblois.com\/index.php\/devenir-partenaire\/#primaryimage"},"image":{"@id":"https:\/\/opendeblois.com\/index.php\/devenir-partenaire\/#primaryimage"},"thumbnailUrl":"https:\/\/opendeblois.com\/wp-content\/uploads\/2026\/01\/photo-partenaire-5-300x281-1.webp","datePublished":"2026-01-15T15:47:16+00:00","dateModified":"2026-01-16T15:37:34+00:00","breadcrumb":{"@id":"https:\/\/opendeblois.com\/index.php\/devenir-partenaire\/#breadcrumb"},"inLanguage":"fr-FR","potentialAction":[{"@type":"ReadAction","target":["https:\/\/opendeblois.com\/index.php\/devenir-partenaire\/"]}]},{"@type":"ImageObject","inLanguage":"fr-FR","@id":"https:\/\/opendeblois.com\/index.php\/devenir-partenaire\/#primaryimage","url":"https:\/\/opendeblois.com\/wp-content\/uploads\/2026\/01\/photo-partenaire-5-300x281-1.webp","contentUrl":"https:\/\/opendeblois.com\/wp-content\/uploads\/2026\/01\/photo-partenaire-5-300x281-1.webp","width":300,"height":281},{"@type":"BreadcrumbList","@id":"https:\/\/opendeblois.com\/index.php\/devenir-partenaire\/#breadcrumb","itemListElement":[{"@type":"ListItem","position":1,"name":"Accueil","item":"https:\/\/opendeblois.com\/"},{"@type":"ListItem","position":2,"name":"Devenir partenaire"}]},{"@type":"WebSite","@id":"https:\/\/opendeblois.com\/#website","url":"https:\/\/opendeblois.com\/","name":"Open de Blois de Tennis","description":"","publisher":{"@id":"https:\/\/opendeblois.com\/#organization"},"potentialAction":[{"@type":"SearchAction","target":{"@type":"EntryPoint","urlTemplate":"https:\/\/opendeblois.com\/?s={search_term_string}"},"query-input":{"@type":"PropertyValueSpecification","valueRequired":true,"valueName":"search_term_string"}}],"inLanguage":"fr-FR"},{"@type":"Organization","@id":"https:\/\/opendeblois.com\/#organization","name":"Open de Blois de Tennis","url":"https:\/\/opendeblois.com\/","logo":{"@type":"ImageObject","inLanguage":"fr-FR","@id":"https:\/\/opendeblois.com\/#\/schema\/logo\/image\/","url":"https:\/\/opendeblois.com\/wp-content\/uploads\/2026\/01\/cropped-Logo-officiel-OB-avec-date-1-scaled-1.png","contentUrl":"https:\/\/opendeblois.com\/wp-content\/uploads\/2026\/01\/cropped-Logo-officiel-OB-avec-date-1-scaled-1.png","width":2560,"height":1204,"caption":"Open de Blois de Tennis"},"image":{"@id":"https:\/\/opendeblois.com\/#\/schema\/logo\/image\/"}}]}},"_links":{"self":[{"href":"https:\/\/opendeblois.com\/index.php\/wp-json\/wp\/v2\/pages\/273","targetHints":{"allow":["GET"]}}],"collection":[{"href":"https:\/\/opendeblois.com\/index.php\/wp-json\/wp\/v2\/pages"}],"about":[{"href":"https:\/\/opendeblois.com\/index.php\/wp-json\/wp\/v2\/types\/page"}],"author":[{"embeddable":true,"href":"https:\/\/opendeblois.com\/index.php\/wp-json\/wp\/v2\/users\/1"}],"replies":[{"embeddable":true,"href":"https:\/\/opendeblois.com\/index.php\/wp-json\/wp\/v2\/comments?post=273"}],"version-history":[{"count":8,"href":"https:\/\/opendeblois.com\/index.php\/wp-json\/wp\/v2\/pages\/273\/revisions"}],"predecessor-version":[{"id":354,"href":"https:\/\/opendeblois.com\/index.php\/wp-json\/wp\/v2\/pages\/273\/revisions\/354"}],"wp:attachment":[{"href":"https:\/\/opendeblois.com\/index.php\/wp-json\/wp\/v2\/media?parent=273"}],"curies":[{"name":"wp","href":"https:\/\/api.w.org\/{rel}","templated":true}]}}