{"id":107,"date":"2026-01-15T11:32:10","date_gmt":"2026-01-15T11:32:10","guid":{"rendered":"https:\/\/opendeblois.com\/?page_id=107"},"modified":"2026-01-19T15:38:03","modified_gmt":"2026-01-19T15:38:03","slug":"engagements","status":"publish","type":"page","link":"https:\/\/opendeblois.com\/index.php\/engagements\/","title":{"rendered":"Engagements"},"content":{"rendered":"\n<h2 class=\"wp-block-heading\">Eco-responsabilit\u00e9<\/h2>\n\n\n\n<p>Le sport et l\u2019\u00e9v\u00e9nementiel sont deux industries \u00e0 fort impact environnemental notamment \u00e0 cause de leurs rassemblements importants. Nous encourageons tous les acteurs \u00e0 adopter une attitude plus durable. De l\u2019alimentation \u00e0 la gestion des d\u00e9chets, du transport des athl\u00e8tes et des publics jusqu\u2019\u00e0 la r\u00e9flexion sur l\u2019utilisation de supports de communication plus durables, nos \u00e9quipes mettent tout en \u0153uvre pour proposer une \u00e9dition respectueuse qui favorise le bon vivre-ensemble.<\/p>\n\n\n\n<ul class=\"wp-block-list\">\n<li>l\u2019alimentation ;<\/li>\n\n\n\n<li>le transport ;<\/li>\n\n\n\n<li>la r\u00e9duction des d\u00e9chets ;<\/li>\n\n\n\n<li>la sensibilisation ;<\/li>\n\n\n\n<li>la communication ;<\/li>\n\n\n\n<li>l\u2019h\u00e9bergement.<\/li>\n<\/ul>\n\n\n\n<p>Des animations seront pr\u00e9vues pendant la semaine sur diverses th\u00e9matiques en lien avec l&rsquo;\u00e9co-responsabilit\u00e9, notamment avec un atelier sur la fresque \u00e9cologique FFT.<\/p>\n\n\n\n<h2 class=\"wp-block-heading\">Pr\u00e9vention et lutte contre les violences sexuelles<\/h2>\n\n\n\n<p>Ce tournoi se veut \u00e9galement pr\u00e9ventif sur les violences sexuelles, et plus particuli\u00e8rement dans le milieu sportif. Des animations et ateliers de pr\u00e9ventions seront propos\u00e9es tout au long de la semaine pour sensibiliser un maximum le public.<\/p>\n","protected":false},"excerpt":{"rendered":"<p>Eco-responsabilit\u00e9 Le sport et l\u2019\u00e9v\u00e9nementiel sont deux industries \u00e0 fort impact environnemental notamment \u00e0 cause de leurs rassemblements importants. Nous encourageons tous les acteurs \u00e0 adopter une attitude plus durable. De l\u2019alimentation \u00e0 la gestion des d\u00e9chets, du transport des athl\u00e8tes et des publics jusqu\u2019\u00e0 la r\u00e9flexion sur l\u2019utilisation de supports de communication plus durables, [&hellip;]<\/p>\n","protected":false},"author":1,"featured_media":0,"parent":0,"menu_order":0,"comment_status":"closed","ping_status":"closed","template":"","meta":{"footnotes":""},"class_list":["post-107","page","type-page","status-publish","hentry"],"yoast_head":"<!-- This site is optimized with the Yoast SEO plugin v26.8 - https:\/\/yoast.com\/product\/yoast-seo-wordpress\/ -->\n<title>Engagements - Open de Blois de Tennis<\/title>\n<meta name=\"robots\" content=\"index, follow, max-snippet:-1, max-image-preview:large, max-video-preview:-1\" \/>\n<link rel=\"canonical\" href=\"https:\/\/opendeblois.com\/index.php\/engagements\/\" \/>\n<meta property=\"og:locale\" content=\"fr_FR\" \/>\n<meta property=\"og:type\" content=\"article\" \/>\n<meta property=\"og:title\" content=\"Engagements - Open de Blois de Tennis\" \/>\n<meta property=\"og:description\" content=\"Eco-responsabilit\u00e9 Le sport et l\u2019\u00e9v\u00e9nementiel sont deux industries \u00e0 fort impact environnemental notamment \u00e0 cause de leurs rassemblements importants. Nous encourageons tous les acteurs \u00e0 adopter une attitude plus durable. De l\u2019alimentation \u00e0 la gestion des d\u00e9chets, du transport des athl\u00e8tes et des publics jusqu\u2019\u00e0 la r\u00e9flexion sur l\u2019utilisation de supports de communication plus durables, [&hellip;]\" \/>\n<meta property=\"og:url\" content=\"https:\/\/opendeblois.com\/index.php\/engagements\/\" \/>\n<meta property=\"og:site_name\" content=\"Open de Blois de Tennis\" \/>\n<meta property=\"article:modified_time\" content=\"2026-01-19T15:38:03+00:00\" \/>\n<meta name=\"twitter:card\" content=\"summary_large_image\" \/>\n<meta name=\"twitter:label1\" content=\"Dur\u00e9e de lecture estim\u00e9e\" \/>\n\t<meta name=\"twitter:data1\" content=\"1 minute\" \/>\n<script type=\"application\/ld+json\" class=\"yoast-schema-graph\">{\"@context\":\"https:\/\/schema.org\",\"@graph\":[{\"@type\":\"WebPage\",\"@id\":\"https:\/\/opendeblois.com\/index.php\/engagements\/\",\"url\":\"https:\/\/opendeblois.com\/index.php\/engagements\/\",\"name\":\"Engagements - Open de Blois de Tennis\",\"isPartOf\":{\"@id\":\"https:\/\/opendeblois.com\/#website\"},\"datePublished\":\"2026-01-15T11:32:10+00:00\",\"dateModified\":\"2026-01-19T15:38:03+00:00\",\"breadcrumb\":{\"@id\":\"https:\/\/opendeblois.com\/index.php\/engagements\/#breadcrumb\"},\"inLanguage\":\"fr-FR\",\"potentialAction\":[{\"@type\":\"ReadAction\",\"target\":[\"https:\/\/opendeblois.com\/index.php\/engagements\/\"]}]},{\"@type\":\"BreadcrumbList\",\"@id\":\"https:\/\/opendeblois.com\/index.php\/engagements\/#breadcrumb\",\"itemListElement\":[{\"@type\":\"ListItem\",\"position\":1,\"name\":\"Accueil\",\"item\":\"https:\/\/opendeblois.com\/\"},{\"@type\":\"ListItem\",\"position\":2,\"name\":\"Engagements\"}]},{\"@type\":\"WebSite\",\"@id\":\"https:\/\/opendeblois.com\/#website\",\"url\":\"https:\/\/opendeblois.com\/\",\"name\":\"Open de Blois de Tennis\",\"description\":\"\",\"publisher\":{\"@id\":\"https:\/\/opendeblois.com\/#organization\"},\"potentialAction\":[{\"@type\":\"SearchAction\",\"target\":{\"@type\":\"EntryPoint\",\"urlTemplate\":\"https:\/\/opendeblois.com\/?s={search_term_string}\"},\"query-input\":{\"@type\":\"PropertyValueSpecification\",\"valueRequired\":true,\"valueName\":\"search_term_string\"}}],\"inLanguage\":\"fr-FR\"},{\"@type\":\"Organization\",\"@id\":\"https:\/\/opendeblois.com\/#organization\",\"name\":\"Open de Blois de Tennis\",\"url\":\"https:\/\/opendeblois.com\/\",\"logo\":{\"@type\":\"ImageObject\",\"inLanguage\":\"fr-FR\",\"@id\":\"https:\/\/opendeblois.com\/#\/schema\/logo\/image\/\",\"url\":\"https:\/\/opendeblois.com\/wp-content\/uploads\/2026\/01\/cropped-Logo-officiel-OB-avec-date-1-scaled-1.png\",\"contentUrl\":\"https:\/\/opendeblois.com\/wp-content\/uploads\/2026\/01\/cropped-Logo-officiel-OB-avec-date-1-scaled-1.png\",\"width\":2560,\"height\":1204,\"caption\":\"Open de Blois de Tennis\"},\"image\":{\"@id\":\"https:\/\/opendeblois.com\/#\/schema\/logo\/image\/\"}}]}<\/script>\n<!-- \/ Yoast SEO plugin. -->","yoast_head_json":{"title":"Engagements - Open de Blois de Tennis","robots":{"index":"index","follow":"follow","max-snippet":"max-snippet:-1","max-image-preview":"max-image-preview:large","max-video-preview":"max-video-preview:-1"},"canonical":"https:\/\/opendeblois.com\/index.php\/engagements\/","og_locale":"fr_FR","og_type":"article","og_title":"Engagements - Open de Blois de Tennis","og_description":"Eco-responsabilit\u00e9 Le sport et l\u2019\u00e9v\u00e9nementiel sont deux industries \u00e0 fort impact environnemental notamment \u00e0 cause de leurs rassemblements importants. Nous encourageons tous les acteurs \u00e0 adopter une attitude plus durable. De l\u2019alimentation \u00e0 la gestion des d\u00e9chets, du transport des athl\u00e8tes et des publics jusqu\u2019\u00e0 la r\u00e9flexion sur l\u2019utilisation de supports de communication plus durables, [&hellip;]","og_url":"https:\/\/opendeblois.com\/index.php\/engagements\/","og_site_name":"Open de Blois de Tennis","article_modified_time":"2026-01-19T15:38:03+00:00","twitter_card":"summary_large_image","twitter_misc":{"Dur\u00e9e de lecture estim\u00e9e":"1 minute"},"schema":{"@context":"https:\/\/schema.org","@graph":[{"@type":"WebPage","@id":"https:\/\/opendeblois.com\/index.php\/engagements\/","url":"https:\/\/opendeblois.com\/index.php\/engagements\/","name":"Engagements - Open de Blois de Tennis","isPartOf":{"@id":"https:\/\/opendeblois.com\/#website"},"datePublished":"2026-01-15T11:32:10+00:00","dateModified":"2026-01-19T15:38:03+00:00","breadcrumb":{"@id":"https:\/\/opendeblois.com\/index.php\/engagements\/#breadcrumb"},"inLanguage":"fr-FR","potentialAction":[{"@type":"ReadAction","target":["https:\/\/opendeblois.com\/index.php\/engagements\/"]}]},{"@type":"BreadcrumbList","@id":"https:\/\/opendeblois.com\/index.php\/engagements\/#breadcrumb","itemListElement":[{"@type":"ListItem","position":1,"name":"Accueil","item":"https:\/\/opendeblois.com\/"},{"@type":"ListItem","position":2,"name":"Engagements"}]},{"@type":"WebSite","@id":"https:\/\/opendeblois.com\/#website","url":"https:\/\/opendeblois.com\/","name":"Open de Blois de Tennis","description":"","publisher":{"@id":"https:\/\/opendeblois.com\/#organization"},"potentialAction":[{"@type":"SearchAction","target":{"@type":"EntryPoint","urlTemplate":"https:\/\/opendeblois.com\/?s={search_term_string}"},"query-input":{"@type":"PropertyValueSpecification","valueRequired":true,"valueName":"search_term_string"}}],"inLanguage":"fr-FR"},{"@type":"Organization","@id":"https:\/\/opendeblois.com\/#organization","name":"Open de Blois de Tennis","url":"https:\/\/opendeblois.com\/","logo":{"@type":"ImageObject","inLanguage":"fr-FR","@id":"https:\/\/opendeblois.com\/#\/schema\/logo\/image\/","url":"https:\/\/opendeblois.com\/wp-content\/uploads\/2026\/01\/cropped-Logo-officiel-OB-avec-date-1-scaled-1.png","contentUrl":"https:\/\/opendeblois.com\/wp-content\/uploads\/2026\/01\/cropped-Logo-officiel-OB-avec-date-1-scaled-1.png","width":2560,"height":1204,"caption":"Open de Blois de Tennis"},"image":{"@id":"https:\/\/opendeblois.com\/#\/schema\/logo\/image\/"}}]}},"_links":{"self":[{"href":"https:\/\/opendeblois.com\/index.php\/wp-json\/wp\/v2\/pages\/107","targetHints":{"allow":["GET"]}}],"collection":[{"href":"https:\/\/opendeblois.com\/index.php\/wp-json\/wp\/v2\/pages"}],"about":[{"href":"https:\/\/opendeblois.com\/index.php\/wp-json\/wp\/v2\/types\/page"}],"author":[{"embeddable":true,"href":"https:\/\/opendeblois.com\/index.php\/wp-json\/wp\/v2\/users\/1"}],"replies":[{"embeddable":true,"href":"https:\/\/opendeblois.com\/index.php\/wp-json\/wp\/v2\/comments?post=107"}],"version-history":[{"count":5,"href":"https:\/\/opendeblois.com\/index.php\/wp-json\/wp\/v2\/pages\/107\/revisions"}],"predecessor-version":[{"id":445,"href":"https:\/\/opendeblois.com\/index.php\/wp-json\/wp\/v2\/pages\/107\/revisions\/445"}],"wp:attachment":[{"href":"https:\/\/opendeblois.com\/index.php\/wp-json\/wp\/v2\/media?parent=107"}],"curies":[{"name":"wp","href":"https:\/\/api.w.org\/{rel}","templated":true}]}}