{"id":102,"date":"2026-01-15T11:30:00","date_gmt":"2026-01-15T11:30:00","guid":{"rendered":"https:\/\/opendeblois.com\/?page_id=102"},"modified":"2026-01-27T17:19:26","modified_gmt":"2026-01-27T17:19:26","slug":"benevolat","status":"publish","type":"page","link":"https:\/\/opendeblois.com\/index.php\/benevolat\/","title":{"rendered":"B\u00e9n\u00e9volat"},"content":{"rendered":"\n<h2 class=\"wp-block-heading\">Rejoignez l&rsquo;\u00e9quipe des b\u00e9n\u00e9voles de l&rsquo;Open de Blois !<\/h2>\n\n\n\n<figure class=\"wp-block-gallery aligncenter has-nested-images columns-default is-cropped wp-block-gallery-1 is-layout-flex wp-block-gallery-is-layout-flex\">\n<figure class=\"wp-block-image size-full\"><img loading=\"lazy\" decoding=\"async\" width=\"1000\" height=\"666\" data-id=\"394\" src=\"https:\/\/opendeblois.com\/wp-content\/uploads\/2026\/01\/509363999_1361712075461018_8882054066036302755_n.jpg\" alt=\"\" class=\"wp-image-394\" srcset=\"https:\/\/opendeblois.com\/wp-content\/uploads\/2026\/01\/509363999_1361712075461018_8882054066036302755_n.jpg 1000w, https:\/\/opendeblois.com\/wp-content\/uploads\/2026\/01\/509363999_1361712075461018_8882054066036302755_n-300x200.jpg 300w, https:\/\/opendeblois.com\/wp-content\/uploads\/2026\/01\/509363999_1361712075461018_8882054066036302755_n-768x511.jpg 768w\" sizes=\"auto, (max-width: 1000px) 100vw, 1000px\" \/><\/figure>\n<\/figure>\n\n\n\n<p>Si vous souhaitez participer en tant que b\u00e9n\u00e9voles \u00e0 l&rsquo;Open de Blois de Tennis, vivre de l&rsquo;int\u00e9rieur ce tournoi professionnel et contribuer au succ\u00e8s de cet \u00e9v\u00e9nement majeur de notre territoire, nous vous invitons \u00e0 cliquer sur le bouton ci-dessous et remplir le formulaire de contact. Un grand merci pour votre aide !<\/p>\n\n\n\n<div class=\"wp-block-buttons is-content-justification-center is-layout-flex wp-container-core-buttons-is-layout-16018d1d wp-block-buttons-is-layout-flex\">\n<div class=\"wp-block-button\"><a class=\"wp-block-button__link wp-element-button\" href=\"https:\/\/forms.office.com\/Pages\/ResponsePage.aspx?id=Wc0BYBT6CEOHiGN-CnbUoL9PySlKoeZDlxacWQ9QuPVUNkoxV0JTQ0tDN1ZYUlQ1QUVXVllYSk9HTS4u\" target=\"_blank\" rel=\"noreferrer noopener\">Inscrivez-vous !<\/a><\/div>\n<\/div>\n","protected":false},"excerpt":{"rendered":"<p>Rejoignez l&rsquo;\u00e9quipe des b\u00e9n\u00e9voles de l&rsquo;Open de Blois ! Si vous souhaitez participer en tant que b\u00e9n\u00e9voles \u00e0 l&rsquo;Open de Blois de Tennis, vivre de l&rsquo;int\u00e9rieur ce tournoi professionnel et contribuer au succ\u00e8s de cet \u00e9v\u00e9nement majeur de notre territoire, nous vous invitons \u00e0 cliquer sur le bouton ci-dessous et remplir le formulaire de contact. [&hellip;]<\/p>\n","protected":false},"author":1,"featured_media":0,"parent":0,"menu_order":0,"comment_status":"closed","ping_status":"closed","template":"","meta":{"footnotes":""},"class_list":["post-102","page","type-page","status-publish","hentry"],"yoast_head":"<!-- This site is optimized with the Yoast SEO plugin v26.8 - https:\/\/yoast.com\/product\/yoast-seo-wordpress\/ -->\n<title>B\u00e9n\u00e9volat - Open de Blois de Tennis<\/title>\n<meta name=\"robots\" content=\"index, follow, max-snippet:-1, max-image-preview:large, max-video-preview:-1\" \/>\n<link rel=\"canonical\" href=\"http:\/\/opendeblois.com\/index.php\/benevolat\/\" \/>\n<meta property=\"og:locale\" content=\"fr_FR\" \/>\n<meta property=\"og:type\" content=\"article\" \/>\n<meta property=\"og:title\" content=\"B\u00e9n\u00e9volat - Open de Blois de Tennis\" \/>\n<meta property=\"og:description\" content=\"Rejoignez l&rsquo;\u00e9quipe des b\u00e9n\u00e9voles de l&rsquo;Open de Blois ! Si vous souhaitez participer en tant que b\u00e9n\u00e9voles \u00e0 l&rsquo;Open de Blois de Tennis, vivre de l&rsquo;int\u00e9rieur ce tournoi professionnel et contribuer au succ\u00e8s de cet \u00e9v\u00e9nement majeur de notre territoire, nous vous invitons \u00e0 cliquer sur le bouton ci-dessous et remplir le formulaire de contact. [&hellip;]\" \/>\n<meta property=\"og:url\" content=\"http:\/\/opendeblois.com\/index.php\/benevolat\/\" \/>\n<meta property=\"og:site_name\" content=\"Open de Blois de Tennis\" \/>\n<meta property=\"article:modified_time\" content=\"2026-01-27T17:19:26+00:00\" \/>\n<meta property=\"og:image\" content=\"https:\/\/opendeblois.com\/wp-content\/uploads\/2026\/01\/509363999_1361712075461018_8882054066036302755_n.jpg\" \/>\n<meta name=\"twitter:card\" content=\"summary_large_image\" \/>\n<meta name=\"twitter:label1\" content=\"Dur\u00e9e de lecture estim\u00e9e\" \/>\n\t<meta name=\"twitter:data1\" content=\"1 minute\" \/>\n<script type=\"application\/ld+json\" class=\"yoast-schema-graph\">{\"@context\":\"https:\/\/schema.org\",\"@graph\":[{\"@type\":\"WebPage\",\"@id\":\"http:\/\/opendeblois.com\/index.php\/benevolat\/\",\"url\":\"http:\/\/opendeblois.com\/index.php\/benevolat\/\",\"name\":\"B\u00e9n\u00e9volat - Open de Blois de Tennis\",\"isPartOf\":{\"@id\":\"https:\/\/opendeblois.com\/#website\"},\"primaryImageOfPage\":{\"@id\":\"http:\/\/opendeblois.com\/index.php\/benevolat\/#primaryimage\"},\"image\":{\"@id\":\"http:\/\/opendeblois.com\/index.php\/benevolat\/#primaryimage\"},\"thumbnailUrl\":\"https:\/\/opendeblois.com\/wp-content\/uploads\/2026\/01\/509363999_1361712075461018_8882054066036302755_n.jpg\",\"datePublished\":\"2026-01-15T11:30:00+00:00\",\"dateModified\":\"2026-01-27T17:19:26+00:00\",\"breadcrumb\":{\"@id\":\"http:\/\/opendeblois.com\/index.php\/benevolat\/#breadcrumb\"},\"inLanguage\":\"fr-FR\",\"potentialAction\":[{\"@type\":\"ReadAction\",\"target\":[\"http:\/\/opendeblois.com\/index.php\/benevolat\/\"]}]},{\"@type\":\"ImageObject\",\"inLanguage\":\"fr-FR\",\"@id\":\"http:\/\/opendeblois.com\/index.php\/benevolat\/#primaryimage\",\"url\":\"https:\/\/opendeblois.com\/wp-content\/uploads\/2026\/01\/509363999_1361712075461018_8882054066036302755_n.jpg\",\"contentUrl\":\"https:\/\/opendeblois.com\/wp-content\/uploads\/2026\/01\/509363999_1361712075461018_8882054066036302755_n.jpg\",\"width\":1000,\"height\":666},{\"@type\":\"BreadcrumbList\",\"@id\":\"http:\/\/opendeblois.com\/index.php\/benevolat\/#breadcrumb\",\"itemListElement\":[{\"@type\":\"ListItem\",\"position\":1,\"name\":\"Accueil\",\"item\":\"https:\/\/opendeblois.com\/\"},{\"@type\":\"ListItem\",\"position\":2,\"name\":\"B\u00e9n\u00e9volat\"}]},{\"@type\":\"WebSite\",\"@id\":\"https:\/\/opendeblois.com\/#website\",\"url\":\"https:\/\/opendeblois.com\/\",\"name\":\"Open de Blois de Tennis\",\"description\":\"\",\"publisher\":{\"@id\":\"https:\/\/opendeblois.com\/#organization\"},\"potentialAction\":[{\"@type\":\"SearchAction\",\"target\":{\"@type\":\"EntryPoint\",\"urlTemplate\":\"https:\/\/opendeblois.com\/?s={search_term_string}\"},\"query-input\":{\"@type\":\"PropertyValueSpecification\",\"valueRequired\":true,\"valueName\":\"search_term_string\"}}],\"inLanguage\":\"fr-FR\"},{\"@type\":\"Organization\",\"@id\":\"https:\/\/opendeblois.com\/#organization\",\"name\":\"Open de Blois de Tennis\",\"url\":\"https:\/\/opendeblois.com\/\",\"logo\":{\"@type\":\"ImageObject\",\"inLanguage\":\"fr-FR\",\"@id\":\"https:\/\/opendeblois.com\/#\/schema\/logo\/image\/\",\"url\":\"https:\/\/opendeblois.com\/wp-content\/uploads\/2026\/01\/cropped-Logo-officiel-OB-avec-date-1-scaled-1.png\",\"contentUrl\":\"https:\/\/opendeblois.com\/wp-content\/uploads\/2026\/01\/cropped-Logo-officiel-OB-avec-date-1-scaled-1.png\",\"width\":2560,\"height\":1204,\"caption\":\"Open de Blois de Tennis\"},\"image\":{\"@id\":\"https:\/\/opendeblois.com\/#\/schema\/logo\/image\/\"}}]}<\/script>\n<!-- \/ Yoast SEO plugin. -->","yoast_head_json":{"title":"B\u00e9n\u00e9volat - Open de Blois de Tennis","robots":{"index":"index","follow":"follow","max-snippet":"max-snippet:-1","max-image-preview":"max-image-preview:large","max-video-preview":"max-video-preview:-1"},"canonical":"http:\/\/opendeblois.com\/index.php\/benevolat\/","og_locale":"fr_FR","og_type":"article","og_title":"B\u00e9n\u00e9volat - Open de Blois de Tennis","og_description":"Rejoignez l&rsquo;\u00e9quipe des b\u00e9n\u00e9voles de l&rsquo;Open de Blois ! Si vous souhaitez participer en tant que b\u00e9n\u00e9voles \u00e0 l&rsquo;Open de Blois de Tennis, vivre de l&rsquo;int\u00e9rieur ce tournoi professionnel et contribuer au succ\u00e8s de cet \u00e9v\u00e9nement majeur de notre territoire, nous vous invitons \u00e0 cliquer sur le bouton ci-dessous et remplir le formulaire de contact. [&hellip;]","og_url":"http:\/\/opendeblois.com\/index.php\/benevolat\/","og_site_name":"Open de Blois de Tennis","article_modified_time":"2026-01-27T17:19:26+00:00","og_image":[{"url":"https:\/\/opendeblois.com\/wp-content\/uploads\/2026\/01\/509363999_1361712075461018_8882054066036302755_n.jpg","type":"","width":"","height":""}],"twitter_card":"summary_large_image","twitter_misc":{"Dur\u00e9e de lecture estim\u00e9e":"1 minute"},"schema":{"@context":"https:\/\/schema.org","@graph":[{"@type":"WebPage","@id":"http:\/\/opendeblois.com\/index.php\/benevolat\/","url":"http:\/\/opendeblois.com\/index.php\/benevolat\/","name":"B\u00e9n\u00e9volat - Open de Blois de Tennis","isPartOf":{"@id":"https:\/\/opendeblois.com\/#website"},"primaryImageOfPage":{"@id":"http:\/\/opendeblois.com\/index.php\/benevolat\/#primaryimage"},"image":{"@id":"http:\/\/opendeblois.com\/index.php\/benevolat\/#primaryimage"},"thumbnailUrl":"https:\/\/opendeblois.com\/wp-content\/uploads\/2026\/01\/509363999_1361712075461018_8882054066036302755_n.jpg","datePublished":"2026-01-15T11:30:00+00:00","dateModified":"2026-01-27T17:19:26+00:00","breadcrumb":{"@id":"http:\/\/opendeblois.com\/index.php\/benevolat\/#breadcrumb"},"inLanguage":"fr-FR","potentialAction":[{"@type":"ReadAction","target":["http:\/\/opendeblois.com\/index.php\/benevolat\/"]}]},{"@type":"ImageObject","inLanguage":"fr-FR","@id":"http:\/\/opendeblois.com\/index.php\/benevolat\/#primaryimage","url":"https:\/\/opendeblois.com\/wp-content\/uploads\/2026\/01\/509363999_1361712075461018_8882054066036302755_n.jpg","contentUrl":"https:\/\/opendeblois.com\/wp-content\/uploads\/2026\/01\/509363999_1361712075461018_8882054066036302755_n.jpg","width":1000,"height":666},{"@type":"BreadcrumbList","@id":"http:\/\/opendeblois.com\/index.php\/benevolat\/#breadcrumb","itemListElement":[{"@type":"ListItem","position":1,"name":"Accueil","item":"https:\/\/opendeblois.com\/"},{"@type":"ListItem","position":2,"name":"B\u00e9n\u00e9volat"}]},{"@type":"WebSite","@id":"https:\/\/opendeblois.com\/#website","url":"https:\/\/opendeblois.com\/","name":"Open de Blois de Tennis","description":"","publisher":{"@id":"https:\/\/opendeblois.com\/#organization"},"potentialAction":[{"@type":"SearchAction","target":{"@type":"EntryPoint","urlTemplate":"https:\/\/opendeblois.com\/?s={search_term_string}"},"query-input":{"@type":"PropertyValueSpecification","valueRequired":true,"valueName":"search_term_string"}}],"inLanguage":"fr-FR"},{"@type":"Organization","@id":"https:\/\/opendeblois.com\/#organization","name":"Open de Blois de Tennis","url":"https:\/\/opendeblois.com\/","logo":{"@type":"ImageObject","inLanguage":"fr-FR","@id":"https:\/\/opendeblois.com\/#\/schema\/logo\/image\/","url":"https:\/\/opendeblois.com\/wp-content\/uploads\/2026\/01\/cropped-Logo-officiel-OB-avec-date-1-scaled-1.png","contentUrl":"https:\/\/opendeblois.com\/wp-content\/uploads\/2026\/01\/cropped-Logo-officiel-OB-avec-date-1-scaled-1.png","width":2560,"height":1204,"caption":"Open de Blois de Tennis"},"image":{"@id":"https:\/\/opendeblois.com\/#\/schema\/logo\/image\/"}}]}},"_links":{"self":[{"href":"https:\/\/opendeblois.com\/index.php\/wp-json\/wp\/v2\/pages\/102","targetHints":{"allow":["GET"]}}],"collection":[{"href":"https:\/\/opendeblois.com\/index.php\/wp-json\/wp\/v2\/pages"}],"about":[{"href":"https:\/\/opendeblois.com\/index.php\/wp-json\/wp\/v2\/types\/page"}],"author":[{"embeddable":true,"href":"https:\/\/opendeblois.com\/index.php\/wp-json\/wp\/v2\/users\/1"}],"replies":[{"embeddable":true,"href":"https:\/\/opendeblois.com\/index.php\/wp-json\/wp\/v2\/comments?post=102"}],"version-history":[{"count":6,"href":"https:\/\/opendeblois.com\/index.php\/wp-json\/wp\/v2\/pages\/102\/revisions"}],"predecessor-version":[{"id":601,"href":"https:\/\/opendeblois.com\/index.php\/wp-json\/wp\/v2\/pages\/102\/revisions\/601"}],"wp:attachment":[{"href":"https:\/\/opendeblois.com\/index.php\/wp-json\/wp\/v2\/media?parent=102"}],"curies":[{"name":"wp","href":"https:\/\/api.w.org\/{rel}","templated":true}]}}