{"id":100,"date":"2026-01-15T11:29:11","date_gmt":"2026-01-15T11:29:11","guid":{"rendered":"https:\/\/opendeblois.com\/?page_id=100"},"modified":"2026-01-16T15:08:35","modified_gmt":"2026-01-16T15:08:35","slug":"venir-a-lopen-de-blois","status":"publish","type":"page","link":"https:\/\/opendeblois.com\/index.php\/venir-a-lopen-de-blois\/","title":{"rendered":"Venir nous voir"},"content":{"rendered":"\n<h2 data-wp-context---core-fit-text=\"core\/fit-text::{&quot;fontSize&quot;:&quot;&quot;}\" data-wp-init---core-fit-text=\"core\/fit-text::callbacks.init\" data-wp-interactive data-wp-style--font-size=\"core\/fit-text::context.fontSize\" class=\"wp-block-heading has-fit-text\">\u00c9venement <mark style=\"background-color:rgba(0, 0, 0, 0)\" class=\"has-inline-color has-accent-color\">gratuit<\/mark><\/h2>\n\n\n\n<p><strong>Adresse :<\/strong><br>14-16 rue Albert Camus, 41000 Blois<\/p>\n\n\n\n<p><strong>Nous rejoindre :<\/strong><br>En train : gare centre-ville de Blois (30 minutes \u00e0 pieds ou 5 minutes en voiture)<\/p>\n\n\n\n<p>En voiture par l\u2019autoroute : A10 \/ sortie n\u00b017 \u2013 Blois<\/p>\n\n\n\n<p>En bus : Ligne C, arr\u00eat La Fontaine<\/p>\n\n\n\n<p>Le site est adapt\u00e9 \u00e0 un acc\u00e8s PMR<\/p>\n\n\n\n<iframe src=\"https:\/\/www.google.com\/maps\/embed?pb=!1m18!1m12!1m3!1d2691.6198933894652!2d1.3004881749583603!3d47.57518359014846!2m3!1f0!2f0!3f0!3m2!1i1024!2i768!4f13.1!3m3!1m2!1s0x47e357befec6fa5d%3A0xa008c7ac36427871!2sLigue%20Centre-Val%20de%20Loire%20de%20Tennis!5e0!3m2!1sfr!2sfr!4v1768490833176!5m2!1sfr!2sfr\" width=\"800\" height=\"600\" style=\"border:0;\" allowfullscreen=\"\" loading=\"lazy\" referrerpolicy=\"no-referrer-when-downgrade\"><\/iframe>\n","protected":false},"excerpt":{"rendered":"<p>\u00c9venement gratuit Adresse :14-16 rue Albert Camus, 41000 Blois Nous rejoindre :En train : gare centre-ville de Blois (30 minutes \u00e0 pieds ou 5 minutes en voiture) En voiture par l\u2019autoroute : A10 \/ sortie n\u00b017 \u2013 Blois En bus : Ligne C, arr\u00eat La Fontaine Le site est adapt\u00e9 \u00e0 un acc\u00e8s PMR<\/p>\n","protected":false},"author":1,"featured_media":0,"parent":0,"menu_order":0,"comment_status":"closed","ping_status":"closed","template":"","meta":{"footnotes":""},"class_list":["post-100","page","type-page","status-publish","hentry"],"yoast_head":"<!-- This site is optimized with the Yoast SEO plugin v26.8 - https:\/\/yoast.com\/product\/yoast-seo-wordpress\/ -->\n<title>Venir nous voir - Open de Blois de Tennis<\/title>\n<meta name=\"robots\" content=\"index, follow, max-snippet:-1, max-image-preview:large, max-video-preview:-1\" \/>\n<link rel=\"canonical\" href=\"https:\/\/opendeblois.com\/index.php\/venir-a-lopen-de-blois\/\" \/>\n<meta property=\"og:locale\" content=\"fr_FR\" \/>\n<meta property=\"og:type\" content=\"article\" \/>\n<meta property=\"og:title\" content=\"Venir nous voir - Open de Blois de Tennis\" \/>\n<meta property=\"og:description\" content=\"\u00c9venement gratuit Adresse :14-16 rue Albert Camus, 41000 Blois Nous rejoindre :En train : gare centre-ville de Blois (30 minutes \u00e0 pieds ou 5 minutes en voiture) En voiture par l\u2019autoroute : A10 \/ sortie n\u00b017 \u2013 Blois En bus : Ligne C, arr\u00eat La Fontaine Le site est adapt\u00e9 \u00e0 un acc\u00e8s PMR\" \/>\n<meta property=\"og:url\" content=\"https:\/\/opendeblois.com\/index.php\/venir-a-lopen-de-blois\/\" \/>\n<meta property=\"og:site_name\" content=\"Open de Blois de Tennis\" \/>\n<meta property=\"article:modified_time\" content=\"2026-01-16T15:08:35+00:00\" \/>\n<meta name=\"twitter:card\" content=\"summary_large_image\" \/>\n<script type=\"application\/ld+json\" class=\"yoast-schema-graph\">{\"@context\":\"https:\/\/schema.org\",\"@graph\":[{\"@type\":\"WebPage\",\"@id\":\"https:\/\/opendeblois.com\/index.php\/venir-a-lopen-de-blois\/\",\"url\":\"https:\/\/opendeblois.com\/index.php\/venir-a-lopen-de-blois\/\",\"name\":\"Venir nous voir - Open de Blois de Tennis\",\"isPartOf\":{\"@id\":\"https:\/\/opendeblois.com\/#website\"},\"datePublished\":\"2026-01-15T11:29:11+00:00\",\"dateModified\":\"2026-01-16T15:08:35+00:00\",\"breadcrumb\":{\"@id\":\"https:\/\/opendeblois.com\/index.php\/venir-a-lopen-de-blois\/#breadcrumb\"},\"inLanguage\":\"fr-FR\",\"potentialAction\":[{\"@type\":\"ReadAction\",\"target\":[\"https:\/\/opendeblois.com\/index.php\/venir-a-lopen-de-blois\/\"]}]},{\"@type\":\"BreadcrumbList\",\"@id\":\"https:\/\/opendeblois.com\/index.php\/venir-a-lopen-de-blois\/#breadcrumb\",\"itemListElement\":[{\"@type\":\"ListItem\",\"position\":1,\"name\":\"Accueil\",\"item\":\"https:\/\/opendeblois.com\/\"},{\"@type\":\"ListItem\",\"position\":2,\"name\":\"Venir nous voir\"}]},{\"@type\":\"WebSite\",\"@id\":\"https:\/\/opendeblois.com\/#website\",\"url\":\"https:\/\/opendeblois.com\/\",\"name\":\"Open de Blois de Tennis\",\"description\":\"\",\"publisher\":{\"@id\":\"https:\/\/opendeblois.com\/#organization\"},\"potentialAction\":[{\"@type\":\"SearchAction\",\"target\":{\"@type\":\"EntryPoint\",\"urlTemplate\":\"https:\/\/opendeblois.com\/?s={search_term_string}\"},\"query-input\":{\"@type\":\"PropertyValueSpecification\",\"valueRequired\":true,\"valueName\":\"search_term_string\"}}],\"inLanguage\":\"fr-FR\"},{\"@type\":\"Organization\",\"@id\":\"https:\/\/opendeblois.com\/#organization\",\"name\":\"Open de Blois de Tennis\",\"url\":\"https:\/\/opendeblois.com\/\",\"logo\":{\"@type\":\"ImageObject\",\"inLanguage\":\"fr-FR\",\"@id\":\"https:\/\/opendeblois.com\/#\/schema\/logo\/image\/\",\"url\":\"https:\/\/opendeblois.com\/wp-content\/uploads\/2026\/01\/cropped-Logo-officiel-OB-avec-date-1-scaled-1.png\",\"contentUrl\":\"https:\/\/opendeblois.com\/wp-content\/uploads\/2026\/01\/cropped-Logo-officiel-OB-avec-date-1-scaled-1.png\",\"width\":2560,\"height\":1204,\"caption\":\"Open de Blois de Tennis\"},\"image\":{\"@id\":\"https:\/\/opendeblois.com\/#\/schema\/logo\/image\/\"}}]}<\/script>\n<!-- \/ Yoast SEO plugin. -->","yoast_head_json":{"title":"Venir nous voir - Open de Blois de Tennis","robots":{"index":"index","follow":"follow","max-snippet":"max-snippet:-1","max-image-preview":"max-image-preview:large","max-video-preview":"max-video-preview:-1"},"canonical":"https:\/\/opendeblois.com\/index.php\/venir-a-lopen-de-blois\/","og_locale":"fr_FR","og_type":"article","og_title":"Venir nous voir - Open de Blois de Tennis","og_description":"\u00c9venement gratuit Adresse :14-16 rue Albert Camus, 41000 Blois Nous rejoindre :En train : gare centre-ville de Blois (30 minutes \u00e0 pieds ou 5 minutes en voiture) En voiture par l\u2019autoroute : A10 \/ sortie n\u00b017 \u2013 Blois En bus : Ligne C, arr\u00eat La Fontaine Le site est adapt\u00e9 \u00e0 un acc\u00e8s PMR","og_url":"https:\/\/opendeblois.com\/index.php\/venir-a-lopen-de-blois\/","og_site_name":"Open de Blois de Tennis","article_modified_time":"2026-01-16T15:08:35+00:00","twitter_card":"summary_large_image","schema":{"@context":"https:\/\/schema.org","@graph":[{"@type":"WebPage","@id":"https:\/\/opendeblois.com\/index.php\/venir-a-lopen-de-blois\/","url":"https:\/\/opendeblois.com\/index.php\/venir-a-lopen-de-blois\/","name":"Venir nous voir - Open de Blois de Tennis","isPartOf":{"@id":"https:\/\/opendeblois.com\/#website"},"datePublished":"2026-01-15T11:29:11+00:00","dateModified":"2026-01-16T15:08:35+00:00","breadcrumb":{"@id":"https:\/\/opendeblois.com\/index.php\/venir-a-lopen-de-blois\/#breadcrumb"},"inLanguage":"fr-FR","potentialAction":[{"@type":"ReadAction","target":["https:\/\/opendeblois.com\/index.php\/venir-a-lopen-de-blois\/"]}]},{"@type":"BreadcrumbList","@id":"https:\/\/opendeblois.com\/index.php\/venir-a-lopen-de-blois\/#breadcrumb","itemListElement":[{"@type":"ListItem","position":1,"name":"Accueil","item":"https:\/\/opendeblois.com\/"},{"@type":"ListItem","position":2,"name":"Venir nous voir"}]},{"@type":"WebSite","@id":"https:\/\/opendeblois.com\/#website","url":"https:\/\/opendeblois.com\/","name":"Open de Blois de Tennis","description":"","publisher":{"@id":"https:\/\/opendeblois.com\/#organization"},"potentialAction":[{"@type":"SearchAction","target":{"@type":"EntryPoint","urlTemplate":"https:\/\/opendeblois.com\/?s={search_term_string}"},"query-input":{"@type":"PropertyValueSpecification","valueRequired":true,"valueName":"search_term_string"}}],"inLanguage":"fr-FR"},{"@type":"Organization","@id":"https:\/\/opendeblois.com\/#organization","name":"Open de Blois de Tennis","url":"https:\/\/opendeblois.com\/","logo":{"@type":"ImageObject","inLanguage":"fr-FR","@id":"https:\/\/opendeblois.com\/#\/schema\/logo\/image\/","url":"https:\/\/opendeblois.com\/wp-content\/uploads\/2026\/01\/cropped-Logo-officiel-OB-avec-date-1-scaled-1.png","contentUrl":"https:\/\/opendeblois.com\/wp-content\/uploads\/2026\/01\/cropped-Logo-officiel-OB-avec-date-1-scaled-1.png","width":2560,"height":1204,"caption":"Open de Blois de Tennis"},"image":{"@id":"https:\/\/opendeblois.com\/#\/schema\/logo\/image\/"}}]}},"_links":{"self":[{"href":"https:\/\/opendeblois.com\/index.php\/wp-json\/wp\/v2\/pages\/100","targetHints":{"allow":["GET"]}}],"collection":[{"href":"https:\/\/opendeblois.com\/index.php\/wp-json\/wp\/v2\/pages"}],"about":[{"href":"https:\/\/opendeblois.com\/index.php\/wp-json\/wp\/v2\/types\/page"}],"author":[{"embeddable":true,"href":"https:\/\/opendeblois.com\/index.php\/wp-json\/wp\/v2\/users\/1"}],"replies":[{"embeddable":true,"href":"https:\/\/opendeblois.com\/index.php\/wp-json\/wp\/v2\/comments?post=100"}],"version-history":[{"count":14,"href":"https:\/\/opendeblois.com\/index.php\/wp-json\/wp\/v2\/pages\/100\/revisions"}],"predecessor-version":[{"id":326,"href":"https:\/\/opendeblois.com\/index.php\/wp-json\/wp\/v2\/pages\/100\/revisions\/326"}],"wp:attachment":[{"href":"https:\/\/opendeblois.com\/index.php\/wp-json\/wp\/v2\/media?parent=100"}],"curies":[{"name":"wp","href":"https:\/\/api.w.org\/{rel}","templated":true}]}}